{"id":24754,"date":"2023-02-03T15:27:57","date_gmt":"2023-02-03T19:27:57","guid":{"rendered":"http:\/\/projets.local\/sadfwi\/test\/?post_type=product&#038;p=24754"},"modified":"2023-11-13T13:36:34","modified_gmt":"2023-11-13T17:36:34","slug":"debroussailleuse","status":"publish","type":"product","link":"https:\/\/sadfwi.com\/en\/produit\/debroussailleuse\/","title":{"rendered":"D\u00e9broussailleuse"},"content":{"rendered":"<p>La d\u00e9broussailleuse vous sera d&#8217;une aide pr\u00e9cieuse dans des endroits difficiles d&#8217;acc\u00e8s autour de la maison et du jardin.<\/p>\n","protected":false},"excerpt":{"rendered":"<p>La d\u00e9broussailleuse vous sera d&#8217;une aide pr\u00e9cieuse dans des endroits difficiles d&#8217;acc\u00e8s autour de la maison et du jardin.<\/p>\n","protected":false},"featured_media":24787,"comment_status":"closed","ping_status":"closed","template":"","meta":[],"product_brand":[],"product_cat":[348,350,349],"product_tag":[],"class_list":{"0":"post-24754","1":"product","2":"type-product","3":"status-publish","4":"has-post-thumbnail","6":"product_cat-batiments-jardin","7":"product_cat-debrouissailleuse","8":"product_cat-jardin","10":"first","11":"instock","12":"shipping-taxable","13":"purchasable","14":"product-type-simple"},"yoast_head":"<!-- This site is optimized with the Yoast SEO plugin v27.3 - https:\/\/yoast.com\/product\/yoast-seo-wordpress\/ -->\n<title>D\u00e9broussailleuse | SAD Groupe - Guadeloupe &amp; Saint-Martin<\/title>\n<meta name=\"robots\" content=\"index, follow, max-snippet:-1, max-image-preview:large, max-video-preview:-1\" \/>\n<link rel=\"canonical\" href=\"https:\/\/sadfwi.com\/en\/produit\/debroussailleuse\/\" \/>\n<meta property=\"og:locale\" content=\"en_US\" \/>\n<meta property=\"og:type\" content=\"article\" \/>\n<meta property=\"og:title\" content=\"D\u00e9broussailleuse | SAD Groupe - Guadeloupe &amp; Saint-Martin\" \/>\n<meta property=\"og:description\" content=\"La d\u00e9broussailleuse vous sera d&#8217;une aide pr\u00e9cieuse dans des endroits difficiles d&#8217;acc\u00e8s autour de la maison et du jardin.\" \/>\n<meta property=\"og:url\" content=\"https:\/\/sadfwi.com\/en\/produit\/debroussailleuse\/\" \/>\n<meta property=\"og:site_name\" content=\"SAD Groupe - Guadeloupe &amp; Saint-Martin\" \/>\n<meta property=\"article:publisher\" content=\"https:\/\/www.facebook.com\/sadgroupe\" \/>\n<meta property=\"article:modified_time\" content=\"2023-11-13T17:36:34+00:00\" \/>\n<meta property=\"og:image\" content=\"https:\/\/sadfwi.com\/wp-content\/uploads\/debrouisalleuse.jpg\" \/>\n\t<meta property=\"og:image:width\" content=\"1854\" \/>\n\t<meta property=\"og:image:height\" content=\"2051\" \/>\n\t<meta property=\"og:image:type\" content=\"image\/jpeg\" \/>\n<meta name=\"twitter:card\" content=\"summary_large_image\" \/>\n<meta name=\"twitter:label1\" content=\"Est. reading time\" \/>\n\t<meta name=\"twitter:data1\" content=\"1 minute\" \/>\n<script type=\"application\/ld+json\" class=\"yoast-schema-graph\">{\"@context\":\"https:\\\/\\\/schema.org\",\"@graph\":[{\"@type\":\"WebPage\",\"@id\":\"https:\\\/\\\/sadfwi.com\\\/en\\\/produit\\\/debroussailleuse\\\/\",\"url\":\"https:\\\/\\\/sadfwi.com\\\/en\\\/produit\\\/debroussailleuse\\\/\",\"name\":\"D\u00e9broussailleuse | SAD Groupe - Guadeloupe &amp; Saint-Martin\",\"isPartOf\":{\"@id\":\"https:\\\/\\\/sadfwi.com\\\/en\\\/#website\"},\"primaryImageOfPage\":{\"@id\":\"https:\\\/\\\/sadfwi.com\\\/en\\\/produit\\\/debroussailleuse\\\/#primaryimage\"},\"image\":{\"@id\":\"https:\\\/\\\/sadfwi.com\\\/en\\\/produit\\\/debroussailleuse\\\/#primaryimage\"},\"thumbnailUrl\":\"https:\\\/\\\/sadfwi.com\\\/wp-content\\\/uploads\\\/debrouisalleuse.jpg\",\"datePublished\":\"2023-02-03T19:27:57+00:00\",\"dateModified\":\"2023-11-13T17:36:34+00:00\",\"breadcrumb\":{\"@id\":\"https:\\\/\\\/sadfwi.com\\\/en\\\/produit\\\/debroussailleuse\\\/#breadcrumb\"},\"inLanguage\":\"en-US\",\"potentialAction\":[{\"@type\":\"ReadAction\",\"target\":[\"https:\\\/\\\/sadfwi.com\\\/en\\\/produit\\\/debroussailleuse\\\/\"]}]},{\"@type\":\"ImageObject\",\"inLanguage\":\"en-US\",\"@id\":\"https:\\\/\\\/sadfwi.com\\\/en\\\/produit\\\/debroussailleuse\\\/#primaryimage\",\"url\":\"https:\\\/\\\/sadfwi.com\\\/wp-content\\\/uploads\\\/debrouisalleuse.jpg\",\"contentUrl\":\"https:\\\/\\\/sadfwi.com\\\/wp-content\\\/uploads\\\/debrouisalleuse.jpg\",\"width\":1854,\"height\":2051},{\"@type\":\"BreadcrumbList\",\"@id\":\"https:\\\/\\\/sadfwi.com\\\/en\\\/produit\\\/debroussailleuse\\\/#breadcrumb\",\"itemListElement\":[{\"@type\":\"ListItem\",\"position\":1,\"name\":\"Accueil\",\"item\":\"https:\\\/\\\/sadfwi.com\\\/en\\\/\"},{\"@type\":\"ListItem\",\"position\":2,\"name\":\"Boutique\",\"item\":\"https:\\\/\\\/sadfwi.com\\\/boutique\\\/\"},{\"@type\":\"ListItem\",\"position\":3,\"name\":\"D\u00e9broussailleuse\"}]},{\"@type\":\"WebSite\",\"@id\":\"https:\\\/\\\/sadfwi.com\\\/en\\\/#website\",\"url\":\"https:\\\/\\\/sadfwi.com\\\/en\\\/\",\"name\":\"SAD Groupe - Guadeloupe & Saint-Martin\",\"description\":\"\",\"publisher\":{\"@id\":\"https:\\\/\\\/sadfwi.com\\\/en\\\/#organization\"},\"potentialAction\":[{\"@type\":\"SearchAction\",\"target\":{\"@type\":\"EntryPoint\",\"urlTemplate\":\"https:\\\/\\\/sadfwi.com\\\/en\\\/?s={search_term_string}\"},\"query-input\":{\"@type\":\"PropertyValueSpecification\",\"valueRequired\":true,\"valueName\":\"search_term_string\"}}],\"inLanguage\":\"en-US\"},{\"@type\":\"Organization\",\"@id\":\"https:\\\/\\\/sadfwi.com\\\/en\\\/#organization\",\"name\":\"SAD Groupe - Guadeloupe & Saint-Martin\",\"url\":\"https:\\\/\\\/sadfwi.com\\\/en\\\/\",\"logo\":{\"@type\":\"ImageObject\",\"inLanguage\":\"en-US\",\"@id\":\"https:\\\/\\\/sadfwi.com\\\/en\\\/#\\\/schema\\\/logo\\\/image\\\/\",\"url\":\"https:\\\/\\\/sadfwi.com\\\/wp-content\\\/uploads\\\/cropped-LOGO-GROUPE.png\",\"contentUrl\":\"https:\\\/\\\/sadfwi.com\\\/wp-content\\\/uploads\\\/cropped-LOGO-GROUPE.png\",\"width\":400,\"height\":250,\"caption\":\"SAD Groupe - Guadeloupe & Saint-Martin\"},\"image\":{\"@id\":\"https:\\\/\\\/sadfwi.com\\\/en\\\/#\\\/schema\\\/logo\\\/image\\\/\"},\"sameAs\":[\"https:\\\/\\\/www.facebook.com\\\/sadgroupe\"]}]}<\/script>\n<!-- \/ Yoast SEO plugin. -->","yoast_head_json":{"title":"D\u00e9broussailleuse | SAD Groupe - Guadeloupe &amp; Saint-Martin","robots":{"index":"index","follow":"follow","max-snippet":"max-snippet:-1","max-image-preview":"max-image-preview:large","max-video-preview":"max-video-preview:-1"},"canonical":"https:\/\/sadfwi.com\/en\/produit\/debroussailleuse\/","og_locale":"en_US","og_type":"article","og_title":"D\u00e9broussailleuse | SAD Groupe - Guadeloupe &amp; Saint-Martin","og_description":"La d\u00e9broussailleuse vous sera d&#8217;une aide pr\u00e9cieuse dans des endroits difficiles d&#8217;acc\u00e8s autour de la maison et du jardin.","og_url":"https:\/\/sadfwi.com\/en\/produit\/debroussailleuse\/","og_site_name":"SAD Groupe - Guadeloupe &amp; Saint-Martin","article_publisher":"https:\/\/www.facebook.com\/sadgroupe","article_modified_time":"2023-11-13T17:36:34+00:00","og_image":[{"width":1854,"height":2051,"url":"https:\/\/sadfwi.com\/wp-content\/uploads\/debrouisalleuse.jpg","type":"image\/jpeg"}],"twitter_card":"summary_large_image","twitter_misc":{"Est. reading time":"1 minute"},"schema":{"@context":"https:\/\/schema.org","@graph":[{"@type":"WebPage","@id":"https:\/\/sadfwi.com\/en\/produit\/debroussailleuse\/","url":"https:\/\/sadfwi.com\/en\/produit\/debroussailleuse\/","name":"D\u00e9broussailleuse | SAD Groupe - Guadeloupe &amp; Saint-Martin","isPartOf":{"@id":"https:\/\/sadfwi.com\/en\/#website"},"primaryImageOfPage":{"@id":"https:\/\/sadfwi.com\/en\/produit\/debroussailleuse\/#primaryimage"},"image":{"@id":"https:\/\/sadfwi.com\/en\/produit\/debroussailleuse\/#primaryimage"},"thumbnailUrl":"https:\/\/sadfwi.com\/wp-content\/uploads\/debrouisalleuse.jpg","datePublished":"2023-02-03T19:27:57+00:00","dateModified":"2023-11-13T17:36:34+00:00","breadcrumb":{"@id":"https:\/\/sadfwi.com\/en\/produit\/debroussailleuse\/#breadcrumb"},"inLanguage":"en-US","potentialAction":[{"@type":"ReadAction","target":["https:\/\/sadfwi.com\/en\/produit\/debroussailleuse\/"]}]},{"@type":"ImageObject","inLanguage":"en-US","@id":"https:\/\/sadfwi.com\/en\/produit\/debroussailleuse\/#primaryimage","url":"https:\/\/sadfwi.com\/wp-content\/uploads\/debrouisalleuse.jpg","contentUrl":"https:\/\/sadfwi.com\/wp-content\/uploads\/debrouisalleuse.jpg","width":1854,"height":2051},{"@type":"BreadcrumbList","@id":"https:\/\/sadfwi.com\/en\/produit\/debroussailleuse\/#breadcrumb","itemListElement":[{"@type":"ListItem","position":1,"name":"Accueil","item":"https:\/\/sadfwi.com\/en\/"},{"@type":"ListItem","position":2,"name":"Boutique","item":"https:\/\/sadfwi.com\/boutique\/"},{"@type":"ListItem","position":3,"name":"D\u00e9broussailleuse"}]},{"@type":"WebSite","@id":"https:\/\/sadfwi.com\/en\/#website","url":"https:\/\/sadfwi.com\/en\/","name":"SAD Groupe - Guadeloupe & Saint-Martin","description":"","publisher":{"@id":"https:\/\/sadfwi.com\/en\/#organization"},"potentialAction":[{"@type":"SearchAction","target":{"@type":"EntryPoint","urlTemplate":"https:\/\/sadfwi.com\/en\/?s={search_term_string}"},"query-input":{"@type":"PropertyValueSpecification","valueRequired":true,"valueName":"search_term_string"}}],"inLanguage":"en-US"},{"@type":"Organization","@id":"https:\/\/sadfwi.com\/en\/#organization","name":"SAD Groupe - Guadeloupe & Saint-Martin","url":"https:\/\/sadfwi.com\/en\/","logo":{"@type":"ImageObject","inLanguage":"en-US","@id":"https:\/\/sadfwi.com\/en\/#\/schema\/logo\/image\/","url":"https:\/\/sadfwi.com\/wp-content\/uploads\/cropped-LOGO-GROUPE.png","contentUrl":"https:\/\/sadfwi.com\/wp-content\/uploads\/cropped-LOGO-GROUPE.png","width":400,"height":250,"caption":"SAD Groupe - Guadeloupe & Saint-Martin"},"image":{"@id":"https:\/\/sadfwi.com\/en\/#\/schema\/logo\/image\/"},"sameAs":["https:\/\/www.facebook.com\/sadgroupe"]}]}},"_links":{"self":[{"href":"https:\/\/sadfwi.com\/en\/wp-json\/wp\/v2\/product\/24754","targetHints":{"allow":["GET"]}}],"collection":[{"href":"https:\/\/sadfwi.com\/en\/wp-json\/wp\/v2\/product"}],"about":[{"href":"https:\/\/sadfwi.com\/en\/wp-json\/wp\/v2\/types\/product"}],"replies":[{"embeddable":true,"href":"https:\/\/sadfwi.com\/en\/wp-json\/wp\/v2\/comments?post=24754"}],"wp:featuredmedia":[{"embeddable":true,"href":"https:\/\/sadfwi.com\/en\/wp-json\/wp\/v2\/media\/24787"}],"wp:attachment":[{"href":"https:\/\/sadfwi.com\/en\/wp-json\/wp\/v2\/media?parent=24754"}],"wp:term":[{"taxonomy":"product_brand","embeddable":true,"href":"https:\/\/sadfwi.com\/en\/wp-json\/wp\/v2\/product_brand?post=24754"},{"taxonomy":"product_cat","embeddable":true,"href":"https:\/\/sadfwi.com\/en\/wp-json\/wp\/v2\/product_cat?post=24754"},{"taxonomy":"product_tag","embeddable":true,"href":"https:\/\/sadfwi.com\/en\/wp-json\/wp\/v2\/product_tag?post=24754"}],"curies":[{"name":"wp","href":"https:\/\/api.w.org\/{rel}","templated":true}]}}