{"id":24864,"date":"2023-02-03T15:29:30","date_gmt":"2023-02-03T19:29:30","guid":{"rendered":"http:\/\/projets.local\/sadfwi\/test\/?post_type=product&#038;p=24864"},"modified":"2023-11-13T13:36:17","modified_gmt":"2023-11-13T17:36:17","slug":"tondeuse-a-conducteur-marchant-snapper-nx90s","status":"publish","type":"product","link":"https:\/\/sadfwi.com\/en\/produit\/tondeuse-a-conducteur-marchant-snapper-nx90s\/","title":{"rendered":"Tondeuse \u00e0 conducteur marchant SNAPPER NX90S"},"content":{"rendered":"<p>La NX90S est \u00e9quip\u00e9e du mulching, du ramassage, de l\u2019\u00e9jection arri\u00e8re et de l\u2019\u00e9jection lat\u00e9rale (4 en 1). Son syst\u00e8me de transmission variable permet de r\u00e9gler la vitesse en fonction des conditions rencontr\u00e9es, ce qui procure \u00e0 l\u2019utilisateur une bonne souplesse d\u2019utilisation. Cette tondeuse est \u00e9galement dot\u00e9e de la nouvelle g\u00e9n\u00e9ration de moteur BRIGGS &amp; STRATTON InStart \u00e0 batterie int\u00e9gr\u00e9e. Vous n\u2019aurez donc plus besoin de tirer sur le lanceur pour d\u00e9marrer. Une seule pression sur le bouton de d\u00e9marrage suffit \u00e0 lancer le moteur.<\/p>\n","protected":false},"excerpt":{"rendered":"<p>Vous n\u2019aurez pas besoin de forcer pour d\u00e9marrer cette tondeuse \u00e0 conducteur marchant \u00e0 carter acier d\u2019une largeur de coupe de 53 cm puisqu\u2019elle est \u00e9quip\u00e9e d\u2019un moteur Briggs &amp; Stratton InStart \u00e0 d\u00e9marrage \u00e9lectrique.<\/p>\n","protected":false},"featured_media":24900,"comment_status":"closed","ping_status":"closed","template":"","meta":[],"product_brand":[],"product_cat":[348,349],"product_tag":[],"class_list":{"0":"post-24864","1":"product","2":"type-product","3":"status-publish","4":"has-post-thumbnail","6":"product_cat-batiments-jardin","7":"product_cat-jardin","9":"first","10":"instock","11":"shipping-taxable","12":"product-type-simple"},"yoast_head":"<!-- This site is optimized with the Yoast SEO plugin v27.3 - https:\/\/yoast.com\/product\/yoast-seo-wordpress\/ -->\n<title>Tondeuse \u00e0 conducteur marchant SNAPPER NX90S | SAD Groupe - Guadeloupe &amp; Saint-Martin<\/title>\n<meta name=\"robots\" content=\"index, follow, max-snippet:-1, max-image-preview:large, max-video-preview:-1\" \/>\n<link rel=\"canonical\" href=\"https:\/\/sadfwi.com\/en\/produit\/tondeuse-a-conducteur-marchant-snapper-nx90s\/\" \/>\n<meta property=\"og:locale\" content=\"en_US\" \/>\n<meta property=\"og:type\" content=\"article\" \/>\n<meta property=\"og:title\" content=\"Tondeuse \u00e0 conducteur marchant SNAPPER NX90S | SAD Groupe - Guadeloupe &amp; Saint-Martin\" \/>\n<meta property=\"og:description\" content=\"Vous n\u2019aurez pas besoin de forcer pour d\u00e9marrer cette tondeuse \u00e0 conducteur marchant \u00e0 carter acier d\u2019une largeur de coupe de 53 cm puisqu\u2019elle est \u00e9quip\u00e9e d\u2019un moteur Briggs &amp; Stratton InStart \u00e0 d\u00e9marrage \u00e9lectrique.\" \/>\n<meta property=\"og:url\" content=\"https:\/\/sadfwi.com\/en\/produit\/tondeuse-a-conducteur-marchant-snapper-nx90s\/\" \/>\n<meta property=\"og:site_name\" content=\"SAD Groupe - Guadeloupe &amp; Saint-Martin\" \/>\n<meta property=\"article:publisher\" content=\"https:\/\/www.facebook.com\/sadgroupe\" \/>\n<meta property=\"article:modified_time\" content=\"2023-11-13T17:36:17+00:00\" \/>\n<meta property=\"og:image\" content=\"https:\/\/sadfwi.com\/wp-content\/uploads\/nx90s-1000.jpg\" \/>\n\t<meta property=\"og:image:width\" content=\"1000\" \/>\n\t<meta property=\"og:image:height\" content=\"1000\" \/>\n\t<meta property=\"og:image:type\" content=\"image\/jpeg\" \/>\n<meta name=\"twitter:card\" content=\"summary_large_image\" \/>\n<meta name=\"twitter:label1\" content=\"Est. reading time\" \/>\n\t<meta name=\"twitter:data1\" content=\"1 minute\" \/>\n<script type=\"application\/ld+json\" class=\"yoast-schema-graph\">{\"@context\":\"https:\\\/\\\/schema.org\",\"@graph\":[{\"@type\":\"WebPage\",\"@id\":\"https:\\\/\\\/sadfwi.com\\\/en\\\/produit\\\/tondeuse-a-conducteur-marchant-snapper-nx90s\\\/\",\"url\":\"https:\\\/\\\/sadfwi.com\\\/en\\\/produit\\\/tondeuse-a-conducteur-marchant-snapper-nx90s\\\/\",\"name\":\"Tondeuse \u00e0 conducteur marchant SNAPPER NX90S | SAD Groupe - Guadeloupe &amp; Saint-Martin\",\"isPartOf\":{\"@id\":\"https:\\\/\\\/sadfwi.com\\\/en\\\/#website\"},\"primaryImageOfPage\":{\"@id\":\"https:\\\/\\\/sadfwi.com\\\/en\\\/produit\\\/tondeuse-a-conducteur-marchant-snapper-nx90s\\\/#primaryimage\"},\"image\":{\"@id\":\"https:\\\/\\\/sadfwi.com\\\/en\\\/produit\\\/tondeuse-a-conducteur-marchant-snapper-nx90s\\\/#primaryimage\"},\"thumbnailUrl\":\"https:\\\/\\\/sadfwi.com\\\/wp-content\\\/uploads\\\/nx90s-1000.jpg\",\"datePublished\":\"2023-02-03T19:29:30+00:00\",\"dateModified\":\"2023-11-13T17:36:17+00:00\",\"breadcrumb\":{\"@id\":\"https:\\\/\\\/sadfwi.com\\\/en\\\/produit\\\/tondeuse-a-conducteur-marchant-snapper-nx90s\\\/#breadcrumb\"},\"inLanguage\":\"en-US\",\"potentialAction\":[{\"@type\":\"ReadAction\",\"target\":[\"https:\\\/\\\/sadfwi.com\\\/en\\\/produit\\\/tondeuse-a-conducteur-marchant-snapper-nx90s\\\/\"]}]},{\"@type\":\"ImageObject\",\"inLanguage\":\"en-US\",\"@id\":\"https:\\\/\\\/sadfwi.com\\\/en\\\/produit\\\/tondeuse-a-conducteur-marchant-snapper-nx90s\\\/#primaryimage\",\"url\":\"https:\\\/\\\/sadfwi.com\\\/wp-content\\\/uploads\\\/nx90s-1000.jpg\",\"contentUrl\":\"https:\\\/\\\/sadfwi.com\\\/wp-content\\\/uploads\\\/nx90s-1000.jpg\",\"width\":1000,\"height\":1000},{\"@type\":\"BreadcrumbList\",\"@id\":\"https:\\\/\\\/sadfwi.com\\\/en\\\/produit\\\/tondeuse-a-conducteur-marchant-snapper-nx90s\\\/#breadcrumb\",\"itemListElement\":[{\"@type\":\"ListItem\",\"position\":1,\"name\":\"Accueil\",\"item\":\"https:\\\/\\\/sadfwi.com\\\/en\\\/\"},{\"@type\":\"ListItem\",\"position\":2,\"name\":\"Boutique\",\"item\":\"https:\\\/\\\/sadfwi.com\\\/boutique\\\/\"},{\"@type\":\"ListItem\",\"position\":3,\"name\":\"Tondeuse \u00e0 conducteur marchant SNAPPER NX90S\"}]},{\"@type\":\"WebSite\",\"@id\":\"https:\\\/\\\/sadfwi.com\\\/en\\\/#website\",\"url\":\"https:\\\/\\\/sadfwi.com\\\/en\\\/\",\"name\":\"SAD Groupe - Guadeloupe & Saint-Martin\",\"description\":\"\",\"publisher\":{\"@id\":\"https:\\\/\\\/sadfwi.com\\\/en\\\/#organization\"},\"potentialAction\":[{\"@type\":\"SearchAction\",\"target\":{\"@type\":\"EntryPoint\",\"urlTemplate\":\"https:\\\/\\\/sadfwi.com\\\/en\\\/?s={search_term_string}\"},\"query-input\":{\"@type\":\"PropertyValueSpecification\",\"valueRequired\":true,\"valueName\":\"search_term_string\"}}],\"inLanguage\":\"en-US\"},{\"@type\":\"Organization\",\"@id\":\"https:\\\/\\\/sadfwi.com\\\/en\\\/#organization\",\"name\":\"SAD Groupe - Guadeloupe & Saint-Martin\",\"url\":\"https:\\\/\\\/sadfwi.com\\\/en\\\/\",\"logo\":{\"@type\":\"ImageObject\",\"inLanguage\":\"en-US\",\"@id\":\"https:\\\/\\\/sadfwi.com\\\/en\\\/#\\\/schema\\\/logo\\\/image\\\/\",\"url\":\"https:\\\/\\\/sadfwi.com\\\/wp-content\\\/uploads\\\/cropped-LOGO-GROUPE.png\",\"contentUrl\":\"https:\\\/\\\/sadfwi.com\\\/wp-content\\\/uploads\\\/cropped-LOGO-GROUPE.png\",\"width\":400,\"height\":250,\"caption\":\"SAD Groupe - Guadeloupe & Saint-Martin\"},\"image\":{\"@id\":\"https:\\\/\\\/sadfwi.com\\\/en\\\/#\\\/schema\\\/logo\\\/image\\\/\"},\"sameAs\":[\"https:\\\/\\\/www.facebook.com\\\/sadgroupe\"]}]}<\/script>\n<!-- \/ Yoast SEO plugin. -->","yoast_head_json":{"title":"Tondeuse \u00e0 conducteur marchant SNAPPER NX90S | SAD Groupe - Guadeloupe &amp; Saint-Martin","robots":{"index":"index","follow":"follow","max-snippet":"max-snippet:-1","max-image-preview":"max-image-preview:large","max-video-preview":"max-video-preview:-1"},"canonical":"https:\/\/sadfwi.com\/en\/produit\/tondeuse-a-conducteur-marchant-snapper-nx90s\/","og_locale":"en_US","og_type":"article","og_title":"Tondeuse \u00e0 conducteur marchant SNAPPER NX90S | SAD Groupe - Guadeloupe &amp; Saint-Martin","og_description":"Vous n\u2019aurez pas besoin de forcer pour d\u00e9marrer cette tondeuse \u00e0 conducteur marchant \u00e0 carter acier d\u2019une largeur de coupe de 53 cm puisqu\u2019elle est \u00e9quip\u00e9e d\u2019un moteur Briggs &amp; Stratton InStart \u00e0 d\u00e9marrage \u00e9lectrique.","og_url":"https:\/\/sadfwi.com\/en\/produit\/tondeuse-a-conducteur-marchant-snapper-nx90s\/","og_site_name":"SAD Groupe - Guadeloupe &amp; Saint-Martin","article_publisher":"https:\/\/www.facebook.com\/sadgroupe","article_modified_time":"2023-11-13T17:36:17+00:00","og_image":[{"width":1000,"height":1000,"url":"https:\/\/sadfwi.com\/wp-content\/uploads\/nx90s-1000.jpg","type":"image\/jpeg"}],"twitter_card":"summary_large_image","twitter_misc":{"Est. reading time":"1 minute"},"schema":{"@context":"https:\/\/schema.org","@graph":[{"@type":"WebPage","@id":"https:\/\/sadfwi.com\/en\/produit\/tondeuse-a-conducteur-marchant-snapper-nx90s\/","url":"https:\/\/sadfwi.com\/en\/produit\/tondeuse-a-conducteur-marchant-snapper-nx90s\/","name":"Tondeuse \u00e0 conducteur marchant SNAPPER NX90S | SAD Groupe - Guadeloupe &amp; Saint-Martin","isPartOf":{"@id":"https:\/\/sadfwi.com\/en\/#website"},"primaryImageOfPage":{"@id":"https:\/\/sadfwi.com\/en\/produit\/tondeuse-a-conducteur-marchant-snapper-nx90s\/#primaryimage"},"image":{"@id":"https:\/\/sadfwi.com\/en\/produit\/tondeuse-a-conducteur-marchant-snapper-nx90s\/#primaryimage"},"thumbnailUrl":"https:\/\/sadfwi.com\/wp-content\/uploads\/nx90s-1000.jpg","datePublished":"2023-02-03T19:29:30+00:00","dateModified":"2023-11-13T17:36:17+00:00","breadcrumb":{"@id":"https:\/\/sadfwi.com\/en\/produit\/tondeuse-a-conducteur-marchant-snapper-nx90s\/#breadcrumb"},"inLanguage":"en-US","potentialAction":[{"@type":"ReadAction","target":["https:\/\/sadfwi.com\/en\/produit\/tondeuse-a-conducteur-marchant-snapper-nx90s\/"]}]},{"@type":"ImageObject","inLanguage":"en-US","@id":"https:\/\/sadfwi.com\/en\/produit\/tondeuse-a-conducteur-marchant-snapper-nx90s\/#primaryimage","url":"https:\/\/sadfwi.com\/wp-content\/uploads\/nx90s-1000.jpg","contentUrl":"https:\/\/sadfwi.com\/wp-content\/uploads\/nx90s-1000.jpg","width":1000,"height":1000},{"@type":"BreadcrumbList","@id":"https:\/\/sadfwi.com\/en\/produit\/tondeuse-a-conducteur-marchant-snapper-nx90s\/#breadcrumb","itemListElement":[{"@type":"ListItem","position":1,"name":"Accueil","item":"https:\/\/sadfwi.com\/en\/"},{"@type":"ListItem","position":2,"name":"Boutique","item":"https:\/\/sadfwi.com\/boutique\/"},{"@type":"ListItem","position":3,"name":"Tondeuse \u00e0 conducteur marchant SNAPPER NX90S"}]},{"@type":"WebSite","@id":"https:\/\/sadfwi.com\/en\/#website","url":"https:\/\/sadfwi.com\/en\/","name":"SAD Groupe - Guadeloupe & Saint-Martin","description":"","publisher":{"@id":"https:\/\/sadfwi.com\/en\/#organization"},"potentialAction":[{"@type":"SearchAction","target":{"@type":"EntryPoint","urlTemplate":"https:\/\/sadfwi.com\/en\/?s={search_term_string}"},"query-input":{"@type":"PropertyValueSpecification","valueRequired":true,"valueName":"search_term_string"}}],"inLanguage":"en-US"},{"@type":"Organization","@id":"https:\/\/sadfwi.com\/en\/#organization","name":"SAD Groupe - Guadeloupe & Saint-Martin","url":"https:\/\/sadfwi.com\/en\/","logo":{"@type":"ImageObject","inLanguage":"en-US","@id":"https:\/\/sadfwi.com\/en\/#\/schema\/logo\/image\/","url":"https:\/\/sadfwi.com\/wp-content\/uploads\/cropped-LOGO-GROUPE.png","contentUrl":"https:\/\/sadfwi.com\/wp-content\/uploads\/cropped-LOGO-GROUPE.png","width":400,"height":250,"caption":"SAD Groupe - Guadeloupe & Saint-Martin"},"image":{"@id":"https:\/\/sadfwi.com\/en\/#\/schema\/logo\/image\/"},"sameAs":["https:\/\/www.facebook.com\/sadgroupe"]}]}},"_links":{"self":[{"href":"https:\/\/sadfwi.com\/en\/wp-json\/wp\/v2\/product\/24864","targetHints":{"allow":["GET"]}}],"collection":[{"href":"https:\/\/sadfwi.com\/en\/wp-json\/wp\/v2\/product"}],"about":[{"href":"https:\/\/sadfwi.com\/en\/wp-json\/wp\/v2\/types\/product"}],"replies":[{"embeddable":true,"href":"https:\/\/sadfwi.com\/en\/wp-json\/wp\/v2\/comments?post=24864"}],"wp:featuredmedia":[{"embeddable":true,"href":"https:\/\/sadfwi.com\/en\/wp-json\/wp\/v2\/media\/24900"}],"wp:attachment":[{"href":"https:\/\/sadfwi.com\/en\/wp-json\/wp\/v2\/media?parent=24864"}],"wp:term":[{"taxonomy":"product_brand","embeddable":true,"href":"https:\/\/sadfwi.com\/en\/wp-json\/wp\/v2\/product_brand?post=24864"},{"taxonomy":"product_cat","embeddable":true,"href":"https:\/\/sadfwi.com\/en\/wp-json\/wp\/v2\/product_cat?post=24864"},{"taxonomy":"product_tag","embeddable":true,"href":"https:\/\/sadfwi.com\/en\/wp-json\/wp\/v2\/product_tag?post=24864"}],"curies":[{"name":"wp","href":"https:\/\/api.w.org\/{rel}","templated":true}]}}