{"id":24865,"date":"2023-02-03T15:29:30","date_gmt":"2023-02-03T19:29:30","guid":{"rendered":"http:\/\/projets.local\/sadfwi\/test\/?post_type=product&#038;p=24865"},"modified":"2023-11-13T13:36:17","modified_gmt":"2023-11-13T17:36:17","slug":"debroussailleuse-543rs","status":"publish","type":"product","link":"https:\/\/sadfwi.com\/en\/produit\/debroussailleuse-543rs\/","title":{"rendered":"D\u00e9broussailleuse 543RS"},"content":{"rendered":"<p>D\u00e9broussailleuse 543 RS 40,1 cc, alliant excellente ergonomie et hautes performances. Equip\u00e9e d\u2019un moteur E-TECH\u00aeII\u00ae, pour un environnement de travail plus sain, elle est id\u00e9ale pour les travaux dans les golfs, parcs et jardins. Son harnais Duo et son guidon asym\u00e9trique lui conf\u00e8rent un v\u00e9ritable confort de travail pour travailler plus longtemps et sans fatigue.<\/p>\n","protected":false},"excerpt":{"rendered":"<p>D\u00e9broussailleuse 543 RS 40,1 cc, alliant excellente ergonomie et hautes performances. Equip\u00e9e d\u2019un moteur E-TECH\u00aeII\u00ae, pour un environnement de travail plus sain, elle est id\u00e9ale pour les travaux dans les golfs, parcs et jardins. Son harnais Duo et son guidon asym\u00e9trique lui conf\u00e8rent un v\u00e9ritable confort de travail pour travailler plus longtemps et sans fatigue.<\/p>\n","protected":false},"featured_media":24901,"comment_status":"closed","ping_status":"closed","template":"","meta":[],"product_brand":[],"product_cat":[348,349],"product_tag":[],"class_list":{"0":"post-24865","1":"product","2":"type-product","3":"status-publish","4":"has-post-thumbnail","6":"product_cat-batiments-jardin","7":"product_cat-jardin","9":"first","10":"instock","11":"shipping-taxable","12":"product-type-simple"},"yoast_head":"<!-- This site is optimized with the Yoast SEO plugin v27.3 - https:\/\/yoast.com\/product\/yoast-seo-wordpress\/ -->\n<title>D\u00e9broussailleuse 543RS | SAD Groupe - Guadeloupe &amp; Saint-Martin<\/title>\n<meta name=\"robots\" content=\"index, follow, max-snippet:-1, max-image-preview:large, max-video-preview:-1\" \/>\n<link rel=\"canonical\" href=\"https:\/\/sadfwi.com\/en\/produit\/debroussailleuse-543rs\/\" \/>\n<meta property=\"og:locale\" content=\"en_US\" \/>\n<meta property=\"og:type\" content=\"article\" \/>\n<meta property=\"og:title\" content=\"D\u00e9broussailleuse 543RS | SAD Groupe - Guadeloupe &amp; Saint-Martin\" \/>\n<meta property=\"og:description\" content=\"D\u00e9broussailleuse 543 RS 40,1 cc, alliant excellente ergonomie et hautes performances. Equip\u00e9e d\u2019un moteur E-TECH\u00aeII\u00ae, pour un environnement de travail plus sain, elle est id\u00e9ale pour les travaux dans les golfs, parcs et jardins. Son harnais Duo et son guidon asym\u00e9trique lui conf\u00e8rent un v\u00e9ritable confort de travail pour travailler plus longtemps et sans fatigue.\" \/>\n<meta property=\"og:url\" content=\"https:\/\/sadfwi.com\/en\/produit\/debroussailleuse-543rs\/\" \/>\n<meta property=\"og:site_name\" content=\"SAD Groupe - Guadeloupe &amp; Saint-Martin\" \/>\n<meta property=\"article:publisher\" content=\"https:\/\/www.facebook.com\/sadgroupe\" \/>\n<meta property=\"article:modified_time\" content=\"2023-11-13T17:36:17+00:00\" \/>\n<meta property=\"og:image\" content=\"https:\/\/sadfwi.com\/wp-content\/uploads\/debroussailleuse-husqvarna-543rs.jpg\" \/>\n\t<meta property=\"og:image:width\" content=\"458\" \/>\n\t<meta property=\"og:image:height\" content=\"458\" \/>\n\t<meta property=\"og:image:type\" content=\"image\/jpeg\" \/>\n<meta name=\"twitter:card\" content=\"summary_large_image\" \/>\n<meta name=\"twitter:label1\" content=\"Est. reading time\" \/>\n\t<meta name=\"twitter:data1\" content=\"1 minute\" \/>\n<script type=\"application\/ld+json\" class=\"yoast-schema-graph\">{\"@context\":\"https:\\\/\\\/schema.org\",\"@graph\":[{\"@type\":\"WebPage\",\"@id\":\"https:\\\/\\\/sadfwi.com\\\/en\\\/produit\\\/debroussailleuse-543rs\\\/\",\"url\":\"https:\\\/\\\/sadfwi.com\\\/en\\\/produit\\\/debroussailleuse-543rs\\\/\",\"name\":\"D\u00e9broussailleuse 543RS | SAD Groupe - Guadeloupe &amp; Saint-Martin\",\"isPartOf\":{\"@id\":\"https:\\\/\\\/sadfwi.com\\\/en\\\/#website\"},\"primaryImageOfPage\":{\"@id\":\"https:\\\/\\\/sadfwi.com\\\/en\\\/produit\\\/debroussailleuse-543rs\\\/#primaryimage\"},\"image\":{\"@id\":\"https:\\\/\\\/sadfwi.com\\\/en\\\/produit\\\/debroussailleuse-543rs\\\/#primaryimage\"},\"thumbnailUrl\":\"https:\\\/\\\/sadfwi.com\\\/wp-content\\\/uploads\\\/debroussailleuse-husqvarna-543rs.jpg\",\"datePublished\":\"2023-02-03T19:29:30+00:00\",\"dateModified\":\"2023-11-13T17:36:17+00:00\",\"breadcrumb\":{\"@id\":\"https:\\\/\\\/sadfwi.com\\\/en\\\/produit\\\/debroussailleuse-543rs\\\/#breadcrumb\"},\"inLanguage\":\"en-US\",\"potentialAction\":[{\"@type\":\"ReadAction\",\"target\":[\"https:\\\/\\\/sadfwi.com\\\/en\\\/produit\\\/debroussailleuse-543rs\\\/\"]}]},{\"@type\":\"ImageObject\",\"inLanguage\":\"en-US\",\"@id\":\"https:\\\/\\\/sadfwi.com\\\/en\\\/produit\\\/debroussailleuse-543rs\\\/#primaryimage\",\"url\":\"https:\\\/\\\/sadfwi.com\\\/wp-content\\\/uploads\\\/debroussailleuse-husqvarna-543rs.jpg\",\"contentUrl\":\"https:\\\/\\\/sadfwi.com\\\/wp-content\\\/uploads\\\/debroussailleuse-husqvarna-543rs.jpg\",\"width\":458,\"height\":458},{\"@type\":\"BreadcrumbList\",\"@id\":\"https:\\\/\\\/sadfwi.com\\\/en\\\/produit\\\/debroussailleuse-543rs\\\/#breadcrumb\",\"itemListElement\":[{\"@type\":\"ListItem\",\"position\":1,\"name\":\"Accueil\",\"item\":\"https:\\\/\\\/sadfwi.com\\\/en\\\/\"},{\"@type\":\"ListItem\",\"position\":2,\"name\":\"Boutique\",\"item\":\"https:\\\/\\\/sadfwi.com\\\/boutique\\\/\"},{\"@type\":\"ListItem\",\"position\":3,\"name\":\"D\u00e9broussailleuse 543RS\"}]},{\"@type\":\"WebSite\",\"@id\":\"https:\\\/\\\/sadfwi.com\\\/en\\\/#website\",\"url\":\"https:\\\/\\\/sadfwi.com\\\/en\\\/\",\"name\":\"SAD Groupe - Guadeloupe & Saint-Martin\",\"description\":\"\",\"publisher\":{\"@id\":\"https:\\\/\\\/sadfwi.com\\\/en\\\/#organization\"},\"potentialAction\":[{\"@type\":\"SearchAction\",\"target\":{\"@type\":\"EntryPoint\",\"urlTemplate\":\"https:\\\/\\\/sadfwi.com\\\/en\\\/?s={search_term_string}\"},\"query-input\":{\"@type\":\"PropertyValueSpecification\",\"valueRequired\":true,\"valueName\":\"search_term_string\"}}],\"inLanguage\":\"en-US\"},{\"@type\":\"Organization\",\"@id\":\"https:\\\/\\\/sadfwi.com\\\/en\\\/#organization\",\"name\":\"SAD Groupe - Guadeloupe & Saint-Martin\",\"url\":\"https:\\\/\\\/sadfwi.com\\\/en\\\/\",\"logo\":{\"@type\":\"ImageObject\",\"inLanguage\":\"en-US\",\"@id\":\"https:\\\/\\\/sadfwi.com\\\/en\\\/#\\\/schema\\\/logo\\\/image\\\/\",\"url\":\"https:\\\/\\\/sadfwi.com\\\/wp-content\\\/uploads\\\/cropped-LOGO-GROUPE.png\",\"contentUrl\":\"https:\\\/\\\/sadfwi.com\\\/wp-content\\\/uploads\\\/cropped-LOGO-GROUPE.png\",\"width\":400,\"height\":250,\"caption\":\"SAD Groupe - Guadeloupe & Saint-Martin\"},\"image\":{\"@id\":\"https:\\\/\\\/sadfwi.com\\\/en\\\/#\\\/schema\\\/logo\\\/image\\\/\"},\"sameAs\":[\"https:\\\/\\\/www.facebook.com\\\/sadgroupe\"]}]}<\/script>\n<!-- \/ Yoast SEO plugin. -->","yoast_head_json":{"title":"D\u00e9broussailleuse 543RS | SAD Groupe - Guadeloupe &amp; Saint-Martin","robots":{"index":"index","follow":"follow","max-snippet":"max-snippet:-1","max-image-preview":"max-image-preview:large","max-video-preview":"max-video-preview:-1"},"canonical":"https:\/\/sadfwi.com\/en\/produit\/debroussailleuse-543rs\/","og_locale":"en_US","og_type":"article","og_title":"D\u00e9broussailleuse 543RS | SAD Groupe - Guadeloupe &amp; Saint-Martin","og_description":"D\u00e9broussailleuse 543 RS 40,1 cc, alliant excellente ergonomie et hautes performances. Equip\u00e9e d\u2019un moteur E-TECH\u00aeII\u00ae, pour un environnement de travail plus sain, elle est id\u00e9ale pour les travaux dans les golfs, parcs et jardins. Son harnais Duo et son guidon asym\u00e9trique lui conf\u00e8rent un v\u00e9ritable confort de travail pour travailler plus longtemps et sans fatigue.","og_url":"https:\/\/sadfwi.com\/en\/produit\/debroussailleuse-543rs\/","og_site_name":"SAD Groupe - Guadeloupe &amp; Saint-Martin","article_publisher":"https:\/\/www.facebook.com\/sadgroupe","article_modified_time":"2023-11-13T17:36:17+00:00","og_image":[{"width":458,"height":458,"url":"https:\/\/sadfwi.com\/wp-content\/uploads\/debroussailleuse-husqvarna-543rs.jpg","type":"image\/jpeg"}],"twitter_card":"summary_large_image","twitter_misc":{"Est. reading time":"1 minute"},"schema":{"@context":"https:\/\/schema.org","@graph":[{"@type":"WebPage","@id":"https:\/\/sadfwi.com\/en\/produit\/debroussailleuse-543rs\/","url":"https:\/\/sadfwi.com\/en\/produit\/debroussailleuse-543rs\/","name":"D\u00e9broussailleuse 543RS | SAD Groupe - Guadeloupe &amp; Saint-Martin","isPartOf":{"@id":"https:\/\/sadfwi.com\/en\/#website"},"primaryImageOfPage":{"@id":"https:\/\/sadfwi.com\/en\/produit\/debroussailleuse-543rs\/#primaryimage"},"image":{"@id":"https:\/\/sadfwi.com\/en\/produit\/debroussailleuse-543rs\/#primaryimage"},"thumbnailUrl":"https:\/\/sadfwi.com\/wp-content\/uploads\/debroussailleuse-husqvarna-543rs.jpg","datePublished":"2023-02-03T19:29:30+00:00","dateModified":"2023-11-13T17:36:17+00:00","breadcrumb":{"@id":"https:\/\/sadfwi.com\/en\/produit\/debroussailleuse-543rs\/#breadcrumb"},"inLanguage":"en-US","potentialAction":[{"@type":"ReadAction","target":["https:\/\/sadfwi.com\/en\/produit\/debroussailleuse-543rs\/"]}]},{"@type":"ImageObject","inLanguage":"en-US","@id":"https:\/\/sadfwi.com\/en\/produit\/debroussailleuse-543rs\/#primaryimage","url":"https:\/\/sadfwi.com\/wp-content\/uploads\/debroussailleuse-husqvarna-543rs.jpg","contentUrl":"https:\/\/sadfwi.com\/wp-content\/uploads\/debroussailleuse-husqvarna-543rs.jpg","width":458,"height":458},{"@type":"BreadcrumbList","@id":"https:\/\/sadfwi.com\/en\/produit\/debroussailleuse-543rs\/#breadcrumb","itemListElement":[{"@type":"ListItem","position":1,"name":"Accueil","item":"https:\/\/sadfwi.com\/en\/"},{"@type":"ListItem","position":2,"name":"Boutique","item":"https:\/\/sadfwi.com\/boutique\/"},{"@type":"ListItem","position":3,"name":"D\u00e9broussailleuse 543RS"}]},{"@type":"WebSite","@id":"https:\/\/sadfwi.com\/en\/#website","url":"https:\/\/sadfwi.com\/en\/","name":"SAD Groupe - Guadeloupe & Saint-Martin","description":"","publisher":{"@id":"https:\/\/sadfwi.com\/en\/#organization"},"potentialAction":[{"@type":"SearchAction","target":{"@type":"EntryPoint","urlTemplate":"https:\/\/sadfwi.com\/en\/?s={search_term_string}"},"query-input":{"@type":"PropertyValueSpecification","valueRequired":true,"valueName":"search_term_string"}}],"inLanguage":"en-US"},{"@type":"Organization","@id":"https:\/\/sadfwi.com\/en\/#organization","name":"SAD Groupe - Guadeloupe & Saint-Martin","url":"https:\/\/sadfwi.com\/en\/","logo":{"@type":"ImageObject","inLanguage":"en-US","@id":"https:\/\/sadfwi.com\/en\/#\/schema\/logo\/image\/","url":"https:\/\/sadfwi.com\/wp-content\/uploads\/cropped-LOGO-GROUPE.png","contentUrl":"https:\/\/sadfwi.com\/wp-content\/uploads\/cropped-LOGO-GROUPE.png","width":400,"height":250,"caption":"SAD Groupe - Guadeloupe & Saint-Martin"},"image":{"@id":"https:\/\/sadfwi.com\/en\/#\/schema\/logo\/image\/"},"sameAs":["https:\/\/www.facebook.com\/sadgroupe"]}]}},"_links":{"self":[{"href":"https:\/\/sadfwi.com\/en\/wp-json\/wp\/v2\/product\/24865","targetHints":{"allow":["GET"]}}],"collection":[{"href":"https:\/\/sadfwi.com\/en\/wp-json\/wp\/v2\/product"}],"about":[{"href":"https:\/\/sadfwi.com\/en\/wp-json\/wp\/v2\/types\/product"}],"replies":[{"embeddable":true,"href":"https:\/\/sadfwi.com\/en\/wp-json\/wp\/v2\/comments?post=24865"}],"wp:featuredmedia":[{"embeddable":true,"href":"https:\/\/sadfwi.com\/en\/wp-json\/wp\/v2\/media\/24901"}],"wp:attachment":[{"href":"https:\/\/sadfwi.com\/en\/wp-json\/wp\/v2\/media?parent=24865"}],"wp:term":[{"taxonomy":"product_brand","embeddable":true,"href":"https:\/\/sadfwi.com\/en\/wp-json\/wp\/v2\/product_brand?post=24865"},{"taxonomy":"product_cat","embeddable":true,"href":"https:\/\/sadfwi.com\/en\/wp-json\/wp\/v2\/product_cat?post=24865"},{"taxonomy":"product_tag","embeddable":true,"href":"https:\/\/sadfwi.com\/en\/wp-json\/wp\/v2\/product_tag?post=24865"}],"curies":[{"name":"wp","href":"https:\/\/api.w.org\/{rel}","templated":true}]}}