{"id":24868,"date":"2023-02-03T15:29:30","date_gmt":"2023-02-03T19:29:30","guid":{"rendered":"http:\/\/projets.local\/sadfwi\/test\/?post_type=product&#038;p=24868"},"modified":"2023-11-13T13:36:19","modified_gmt":"2023-11-13T17:36:19","slug":"groupe-electrogene-avec-moteur-diesel-iveco","status":"publish","type":"product","link":"https:\/\/sadfwi.com\/en\/produit\/groupe-electrogene-avec-moteur-diesel-iveco\/","title":{"rendered":"GROUPE \u00c9LECTROG\u00c8NE AVEC MOTEUR DIESEL IVECO"},"content":{"rendered":"<p>Les groupes \u00e9lectrog\u00e8nes BENZA pour CANOPY insonoris\u00e9e, ainsi que pour OPEN SKID, sont d\u00e9finis pour le service d&#8217;urgence (ESP &#8211; Emergency Standby Power) et le service continu (PRP &#8211; Prime Power). Les moteurs sont entra\u00een\u00e9s par un moteur diesel de marque IVECO, \u00e0 1 800 tr\/min, construit selon la norme ISO 3046, refroidi \u00e0 l&#8217;eau par radiateur et coupl\u00e9 \u00e0 un alternateur triphas\u00e9. Caract\u00e9ristiques Radiateur avec ventilateur entra\u00een\u00e9 par le moteur, filtres \u00e0 air, \u00e0 huile et \u00e0 carburant, et r\u00e9sistance de chauffage du moteur (disponible uniquement en cas de panne de secteur automatique ou de groupes \u00e9lectrog\u00e8nes parall\u00e8les).<\/p>\n","protected":false},"excerpt":{"rendered":"<p>Groupe \u00e9lectrog\u00e8ne BENZA pour CANOPY insonoris\u00e9, avec un moteur IVECO<\/p>\n","protected":false},"featured_media":24904,"comment_status":"closed","ping_status":"closed","template":"","meta":[],"product_brand":[],"product_cat":[348,367],"product_tag":[],"class_list":{"0":"post-24868","1":"product","2":"type-product","3":"status-publish","4":"has-post-thumbnail","6":"product_cat-batiments-jardin","7":"product_cat-groupes-electrogenes","9":"first","10":"instock","11":"shipping-taxable","12":"product-type-simple"},"yoast_head":"<!-- This site is optimized with the Yoast SEO plugin v27.3 - https:\/\/yoast.com\/product\/yoast-seo-wordpress\/ -->\n<title>GROUPE \u00c9LECTROG\u00c8NE AVEC MOTEUR DIESEL IVECO | SAD Groupe - Guadeloupe &amp; Saint-Martin<\/title>\n<meta name=\"robots\" content=\"index, follow, max-snippet:-1, max-image-preview:large, max-video-preview:-1\" \/>\n<link rel=\"canonical\" href=\"https:\/\/sadfwi.com\/en\/produit\/groupe-electrogene-avec-moteur-diesel-iveco\/\" \/>\n<meta property=\"og:locale\" content=\"en_US\" \/>\n<meta property=\"og:type\" content=\"article\" \/>\n<meta property=\"og:title\" content=\"GROUPE \u00c9LECTROG\u00c8NE AVEC MOTEUR DIESEL IVECO | SAD Groupe - Guadeloupe &amp; Saint-Martin\" \/>\n<meta property=\"og:description\" content=\"Groupe \u00e9lectrog\u00e8ne BENZA pour CANOPY insonoris\u00e9, avec un moteur IVECO\" \/>\n<meta property=\"og:url\" content=\"https:\/\/sadfwi.com\/en\/produit\/groupe-electrogene-avec-moteur-diesel-iveco\/\" \/>\n<meta property=\"og:site_name\" content=\"SAD Groupe - Guadeloupe &amp; Saint-Martin\" \/>\n<meta property=\"article:publisher\" content=\"https:\/\/www.facebook.com\/sadgroupe\" \/>\n<meta property=\"article:modified_time\" content=\"2023-11-13T17:36:19+00:00\" \/>\n<meta property=\"og:image\" content=\"https:\/\/sadfwi.com\/wp-content\/uploads\/iveco-200-499-kva-710x675-1.jpg\" \/>\n\t<meta property=\"og:image:width\" content=\"710\" \/>\n\t<meta property=\"og:image:height\" content=\"675\" \/>\n\t<meta property=\"og:image:type\" content=\"image\/jpeg\" \/>\n<meta name=\"twitter:card\" content=\"summary_large_image\" \/>\n<meta name=\"twitter:label1\" content=\"Est. reading time\" \/>\n\t<meta name=\"twitter:data1\" content=\"1 minute\" \/>\n<script type=\"application\/ld+json\" class=\"yoast-schema-graph\">{\"@context\":\"https:\\\/\\\/schema.org\",\"@graph\":[{\"@type\":\"WebPage\",\"@id\":\"https:\\\/\\\/sadfwi.com\\\/en\\\/produit\\\/groupe-electrogene-avec-moteur-diesel-iveco\\\/\",\"url\":\"https:\\\/\\\/sadfwi.com\\\/en\\\/produit\\\/groupe-electrogene-avec-moteur-diesel-iveco\\\/\",\"name\":\"GROUPE \u00c9LECTROG\u00c8NE AVEC MOTEUR DIESEL IVECO | SAD Groupe - Guadeloupe &amp; Saint-Martin\",\"isPartOf\":{\"@id\":\"https:\\\/\\\/sadfwi.com\\\/en\\\/#website\"},\"primaryImageOfPage\":{\"@id\":\"https:\\\/\\\/sadfwi.com\\\/en\\\/produit\\\/groupe-electrogene-avec-moteur-diesel-iveco\\\/#primaryimage\"},\"image\":{\"@id\":\"https:\\\/\\\/sadfwi.com\\\/en\\\/produit\\\/groupe-electrogene-avec-moteur-diesel-iveco\\\/#primaryimage\"},\"thumbnailUrl\":\"https:\\\/\\\/sadfwi.com\\\/wp-content\\\/uploads\\\/iveco-200-499-kva-710x675-1.jpg\",\"datePublished\":\"2023-02-03T19:29:30+00:00\",\"dateModified\":\"2023-11-13T17:36:19+00:00\",\"breadcrumb\":{\"@id\":\"https:\\\/\\\/sadfwi.com\\\/en\\\/produit\\\/groupe-electrogene-avec-moteur-diesel-iveco\\\/#breadcrumb\"},\"inLanguage\":\"en-US\",\"potentialAction\":[{\"@type\":\"ReadAction\",\"target\":[\"https:\\\/\\\/sadfwi.com\\\/en\\\/produit\\\/groupe-electrogene-avec-moteur-diesel-iveco\\\/\"]}]},{\"@type\":\"ImageObject\",\"inLanguage\":\"en-US\",\"@id\":\"https:\\\/\\\/sadfwi.com\\\/en\\\/produit\\\/groupe-electrogene-avec-moteur-diesel-iveco\\\/#primaryimage\",\"url\":\"https:\\\/\\\/sadfwi.com\\\/wp-content\\\/uploads\\\/iveco-200-499-kva-710x675-1.jpg\",\"contentUrl\":\"https:\\\/\\\/sadfwi.com\\\/wp-content\\\/uploads\\\/iveco-200-499-kva-710x675-1.jpg\",\"width\":710,\"height\":675},{\"@type\":\"BreadcrumbList\",\"@id\":\"https:\\\/\\\/sadfwi.com\\\/en\\\/produit\\\/groupe-electrogene-avec-moteur-diesel-iveco\\\/#breadcrumb\",\"itemListElement\":[{\"@type\":\"ListItem\",\"position\":1,\"name\":\"Accueil\",\"item\":\"https:\\\/\\\/sadfwi.com\\\/en\\\/\"},{\"@type\":\"ListItem\",\"position\":2,\"name\":\"Boutique\",\"item\":\"https:\\\/\\\/sadfwi.com\\\/boutique\\\/\"},{\"@type\":\"ListItem\",\"position\":3,\"name\":\"GROUPE \u00c9LECTROG\u00c8NE AVEC MOTEUR DIESEL IVECO\"}]},{\"@type\":\"WebSite\",\"@id\":\"https:\\\/\\\/sadfwi.com\\\/en\\\/#website\",\"url\":\"https:\\\/\\\/sadfwi.com\\\/en\\\/\",\"name\":\"SAD Groupe - Guadeloupe & Saint-Martin\",\"description\":\"\",\"publisher\":{\"@id\":\"https:\\\/\\\/sadfwi.com\\\/en\\\/#organization\"},\"potentialAction\":[{\"@type\":\"SearchAction\",\"target\":{\"@type\":\"EntryPoint\",\"urlTemplate\":\"https:\\\/\\\/sadfwi.com\\\/en\\\/?s={search_term_string}\"},\"query-input\":{\"@type\":\"PropertyValueSpecification\",\"valueRequired\":true,\"valueName\":\"search_term_string\"}}],\"inLanguage\":\"en-US\"},{\"@type\":\"Organization\",\"@id\":\"https:\\\/\\\/sadfwi.com\\\/en\\\/#organization\",\"name\":\"SAD Groupe - Guadeloupe & Saint-Martin\",\"url\":\"https:\\\/\\\/sadfwi.com\\\/en\\\/\",\"logo\":{\"@type\":\"ImageObject\",\"inLanguage\":\"en-US\",\"@id\":\"https:\\\/\\\/sadfwi.com\\\/en\\\/#\\\/schema\\\/logo\\\/image\\\/\",\"url\":\"https:\\\/\\\/sadfwi.com\\\/wp-content\\\/uploads\\\/cropped-LOGO-GROUPE.png\",\"contentUrl\":\"https:\\\/\\\/sadfwi.com\\\/wp-content\\\/uploads\\\/cropped-LOGO-GROUPE.png\",\"width\":400,\"height\":250,\"caption\":\"SAD Groupe - Guadeloupe & Saint-Martin\"},\"image\":{\"@id\":\"https:\\\/\\\/sadfwi.com\\\/en\\\/#\\\/schema\\\/logo\\\/image\\\/\"},\"sameAs\":[\"https:\\\/\\\/www.facebook.com\\\/sadgroupe\"]}]}<\/script>\n<!-- \/ Yoast SEO plugin. -->","yoast_head_json":{"title":"GROUPE \u00c9LECTROG\u00c8NE AVEC MOTEUR DIESEL IVECO | SAD Groupe - Guadeloupe &amp; Saint-Martin","robots":{"index":"index","follow":"follow","max-snippet":"max-snippet:-1","max-image-preview":"max-image-preview:large","max-video-preview":"max-video-preview:-1"},"canonical":"https:\/\/sadfwi.com\/en\/produit\/groupe-electrogene-avec-moteur-diesel-iveco\/","og_locale":"en_US","og_type":"article","og_title":"GROUPE \u00c9LECTROG\u00c8NE AVEC MOTEUR DIESEL IVECO | SAD Groupe - Guadeloupe &amp; Saint-Martin","og_description":"Groupe \u00e9lectrog\u00e8ne BENZA pour CANOPY insonoris\u00e9, avec un moteur IVECO","og_url":"https:\/\/sadfwi.com\/en\/produit\/groupe-electrogene-avec-moteur-diesel-iveco\/","og_site_name":"SAD Groupe - Guadeloupe &amp; Saint-Martin","article_publisher":"https:\/\/www.facebook.com\/sadgroupe","article_modified_time":"2023-11-13T17:36:19+00:00","og_image":[{"width":710,"height":675,"url":"https:\/\/sadfwi.com\/wp-content\/uploads\/iveco-200-499-kva-710x675-1.jpg","type":"image\/jpeg"}],"twitter_card":"summary_large_image","twitter_misc":{"Est. reading time":"1 minute"},"schema":{"@context":"https:\/\/schema.org","@graph":[{"@type":"WebPage","@id":"https:\/\/sadfwi.com\/en\/produit\/groupe-electrogene-avec-moteur-diesel-iveco\/","url":"https:\/\/sadfwi.com\/en\/produit\/groupe-electrogene-avec-moteur-diesel-iveco\/","name":"GROUPE \u00c9LECTROG\u00c8NE AVEC MOTEUR DIESEL IVECO | SAD Groupe - Guadeloupe &amp; Saint-Martin","isPartOf":{"@id":"https:\/\/sadfwi.com\/en\/#website"},"primaryImageOfPage":{"@id":"https:\/\/sadfwi.com\/en\/produit\/groupe-electrogene-avec-moteur-diesel-iveco\/#primaryimage"},"image":{"@id":"https:\/\/sadfwi.com\/en\/produit\/groupe-electrogene-avec-moteur-diesel-iveco\/#primaryimage"},"thumbnailUrl":"https:\/\/sadfwi.com\/wp-content\/uploads\/iveco-200-499-kva-710x675-1.jpg","datePublished":"2023-02-03T19:29:30+00:00","dateModified":"2023-11-13T17:36:19+00:00","breadcrumb":{"@id":"https:\/\/sadfwi.com\/en\/produit\/groupe-electrogene-avec-moteur-diesel-iveco\/#breadcrumb"},"inLanguage":"en-US","potentialAction":[{"@type":"ReadAction","target":["https:\/\/sadfwi.com\/en\/produit\/groupe-electrogene-avec-moteur-diesel-iveco\/"]}]},{"@type":"ImageObject","inLanguage":"en-US","@id":"https:\/\/sadfwi.com\/en\/produit\/groupe-electrogene-avec-moteur-diesel-iveco\/#primaryimage","url":"https:\/\/sadfwi.com\/wp-content\/uploads\/iveco-200-499-kva-710x675-1.jpg","contentUrl":"https:\/\/sadfwi.com\/wp-content\/uploads\/iveco-200-499-kva-710x675-1.jpg","width":710,"height":675},{"@type":"BreadcrumbList","@id":"https:\/\/sadfwi.com\/en\/produit\/groupe-electrogene-avec-moteur-diesel-iveco\/#breadcrumb","itemListElement":[{"@type":"ListItem","position":1,"name":"Accueil","item":"https:\/\/sadfwi.com\/en\/"},{"@type":"ListItem","position":2,"name":"Boutique","item":"https:\/\/sadfwi.com\/boutique\/"},{"@type":"ListItem","position":3,"name":"GROUPE \u00c9LECTROG\u00c8NE AVEC MOTEUR DIESEL IVECO"}]},{"@type":"WebSite","@id":"https:\/\/sadfwi.com\/en\/#website","url":"https:\/\/sadfwi.com\/en\/","name":"SAD Groupe - Guadeloupe & Saint-Martin","description":"","publisher":{"@id":"https:\/\/sadfwi.com\/en\/#organization"},"potentialAction":[{"@type":"SearchAction","target":{"@type":"EntryPoint","urlTemplate":"https:\/\/sadfwi.com\/en\/?s={search_term_string}"},"query-input":{"@type":"PropertyValueSpecification","valueRequired":true,"valueName":"search_term_string"}}],"inLanguage":"en-US"},{"@type":"Organization","@id":"https:\/\/sadfwi.com\/en\/#organization","name":"SAD Groupe - Guadeloupe & Saint-Martin","url":"https:\/\/sadfwi.com\/en\/","logo":{"@type":"ImageObject","inLanguage":"en-US","@id":"https:\/\/sadfwi.com\/en\/#\/schema\/logo\/image\/","url":"https:\/\/sadfwi.com\/wp-content\/uploads\/cropped-LOGO-GROUPE.png","contentUrl":"https:\/\/sadfwi.com\/wp-content\/uploads\/cropped-LOGO-GROUPE.png","width":400,"height":250,"caption":"SAD Groupe - Guadeloupe & Saint-Martin"},"image":{"@id":"https:\/\/sadfwi.com\/en\/#\/schema\/logo\/image\/"},"sameAs":["https:\/\/www.facebook.com\/sadgroupe"]}]}},"_links":{"self":[{"href":"https:\/\/sadfwi.com\/en\/wp-json\/wp\/v2\/product\/24868","targetHints":{"allow":["GET"]}}],"collection":[{"href":"https:\/\/sadfwi.com\/en\/wp-json\/wp\/v2\/product"}],"about":[{"href":"https:\/\/sadfwi.com\/en\/wp-json\/wp\/v2\/types\/product"}],"replies":[{"embeddable":true,"href":"https:\/\/sadfwi.com\/en\/wp-json\/wp\/v2\/comments?post=24868"}],"wp:featuredmedia":[{"embeddable":true,"href":"https:\/\/sadfwi.com\/en\/wp-json\/wp\/v2\/media\/24904"}],"wp:attachment":[{"href":"https:\/\/sadfwi.com\/en\/wp-json\/wp\/v2\/media?parent=24868"}],"wp:term":[{"taxonomy":"product_brand","embeddable":true,"href":"https:\/\/sadfwi.com\/en\/wp-json\/wp\/v2\/product_brand?post=24868"},{"taxonomy":"product_cat","embeddable":true,"href":"https:\/\/sadfwi.com\/en\/wp-json\/wp\/v2\/product_cat?post=24868"},{"taxonomy":"product_tag","embeddable":true,"href":"https:\/\/sadfwi.com\/en\/wp-json\/wp\/v2\/product_tag?post=24868"}],"curies":[{"name":"wp","href":"https:\/\/api.w.org\/{rel}","templated":true}]}}