{"id":24887,"date":"2023-02-03T15:30:00","date_gmt":"2023-02-03T19:30:00","guid":{"rendered":"http:\/\/projets.local\/sadfwi\/test\/?post_type=product&#038;p=24887"},"modified":"2023-11-13T13:36:15","modified_gmt":"2023-11-13T17:36:15","slug":"membrane-gris-beton","status":"publish","type":"product","link":"https:\/\/sadfwi.com\/en\/produit\/membrane-gris-beton\/","title":{"rendered":"Membrane gris b\u00e9ton"},"content":{"rendered":"<p>La caract\u00e9ristique principale de Sopraliner gris b\u00e9ton est de donner \u00e0 l\u2019eau de la piscine cet effet miroir, d\u00e9sormais la marque de fabrique des couleurs fonc\u00e9es.<\/p>\n<p>Sopraliner gris b\u00e9ton, une couleur pas encore tr\u00e8s utilis\u00e9e, est parfait pour les piscines plong\u00e9es dans des environnements naturels tr\u00e8s marqu\u00e9s pr\u00eats \u00e0 s\u2019intensifier dans la piscine enrichie avec cette membrane innovante du groupe Soprema.<\/p>\n","protected":false},"excerpt":{"rendered":"<p>La caract\u00e9ristique principale de Sopraliner gris b\u00e9ton est de donner \u00e0 l\u2019eau de la piscine cet effet miroir, d\u00e9sormais la marque de fabrique des couleurs fonc\u00e9es. Sopraliner gris b\u00e9ton, une couleur pas encore tr\u00e8s utilis\u00e9e, est parfait pour les piscines plong\u00e9es dans des environnements naturels tr\u00e8s marqu\u00e9s pr\u00eats \u00e0 s\u2019intensifier dans la piscine enrichie avec &hellip; <\/p>\n<p class=\"link-more\"><a href=\"https:\/\/sadfwi.com\/en\/produit\/membrane-gris-beton\/\" class=\"more-link\">Continue reading<span class=\"screen-reader-text\"> &#8220;Membrane gris b\u00e9ton&#8221;<\/span><\/a><\/p>\n","protected":false},"featured_media":24910,"comment_status":"closed","ping_status":"closed","template":"","meta":[],"product_brand":[],"product_cat":[363,343],"product_tag":[],"class_list":{"0":"post-24887","1":"product","2":"type-product","3":"status-publish","4":"has-post-thumbnail","6":"product_cat-accessoires","7":"product_cat-piscines-spas","9":"first","10":"instock","11":"shipping-taxable","12":"product-type-simple"},"yoast_head":"<!-- This site is optimized with the Yoast SEO plugin v27.3 - https:\/\/yoast.com\/product\/yoast-seo-wordpress\/ -->\n<title>Membrane gris b\u00e9ton | SAD Groupe - Guadeloupe &amp; Saint-Martin<\/title>\n<meta name=\"robots\" content=\"index, follow, max-snippet:-1, max-image-preview:large, max-video-preview:-1\" \/>\n<link rel=\"canonical\" href=\"https:\/\/sadfwi.com\/en\/produit\/membrane-gris-beton\/\" \/>\n<meta property=\"og:locale\" content=\"en_US\" \/>\n<meta property=\"og:type\" content=\"article\" \/>\n<meta property=\"og:title\" content=\"Membrane gris b\u00e9ton | SAD Groupe - Guadeloupe &amp; Saint-Martin\" \/>\n<meta property=\"og:description\" content=\"La caract\u00e9ristique principale de Sopraliner gris b\u00e9ton est de donner \u00e0 l\u2019eau de la piscine cet effet miroir, d\u00e9sormais la marque de fabrique des couleurs fonc\u00e9es. Sopraliner gris b\u00e9ton, une couleur pas encore tr\u00e8s utilis\u00e9e, est parfait pour les piscines plong\u00e9es dans des environnements naturels tr\u00e8s marqu\u00e9s pr\u00eats \u00e0 s\u2019intensifier dans la piscine enrichie avec &hellip; Continue reading &quot;Membrane gris b\u00e9ton&quot;\" \/>\n<meta property=\"og:url\" content=\"https:\/\/sadfwi.com\/en\/produit\/membrane-gris-beton\/\" \/>\n<meta property=\"og:site_name\" content=\"SAD Groupe - Guadeloupe &amp; Saint-Martin\" \/>\n<meta property=\"article:publisher\" content=\"https:\/\/www.facebook.com\/sadgroupe\" \/>\n<meta property=\"article:modified_time\" content=\"2023-11-13T17:36:15+00:00\" \/>\n<meta property=\"og:image\" content=\"https:\/\/sadfwi.com\/wp-content\/uploads\/grigiocemento-1024x433-1.jpg\" \/>\n\t<meta property=\"og:image:width\" content=\"1024\" \/>\n\t<meta property=\"og:image:height\" content=\"433\" \/>\n\t<meta property=\"og:image:type\" content=\"image\/jpeg\" \/>\n<meta name=\"twitter:card\" content=\"summary_large_image\" \/>\n<meta name=\"twitter:label1\" content=\"Est. reading time\" \/>\n\t<meta name=\"twitter:data1\" content=\"1 minute\" \/>\n<script type=\"application\/ld+json\" class=\"yoast-schema-graph\">{\"@context\":\"https:\\\/\\\/schema.org\",\"@graph\":[{\"@type\":\"WebPage\",\"@id\":\"https:\\\/\\\/sadfwi.com\\\/en\\\/produit\\\/membrane-gris-beton\\\/\",\"url\":\"https:\\\/\\\/sadfwi.com\\\/en\\\/produit\\\/membrane-gris-beton\\\/\",\"name\":\"Membrane gris b\u00e9ton | SAD Groupe - Guadeloupe &amp; Saint-Martin\",\"isPartOf\":{\"@id\":\"https:\\\/\\\/sadfwi.com\\\/en\\\/#website\"},\"primaryImageOfPage\":{\"@id\":\"https:\\\/\\\/sadfwi.com\\\/en\\\/produit\\\/membrane-gris-beton\\\/#primaryimage\"},\"image\":{\"@id\":\"https:\\\/\\\/sadfwi.com\\\/en\\\/produit\\\/membrane-gris-beton\\\/#primaryimage\"},\"thumbnailUrl\":\"https:\\\/\\\/sadfwi.com\\\/wp-content\\\/uploads\\\/grigiocemento-1024x433-1.jpg\",\"datePublished\":\"2023-02-03T19:30:00+00:00\",\"dateModified\":\"2023-11-13T17:36:15+00:00\",\"breadcrumb\":{\"@id\":\"https:\\\/\\\/sadfwi.com\\\/en\\\/produit\\\/membrane-gris-beton\\\/#breadcrumb\"},\"inLanguage\":\"en-US\",\"potentialAction\":[{\"@type\":\"ReadAction\",\"target\":[\"https:\\\/\\\/sadfwi.com\\\/en\\\/produit\\\/membrane-gris-beton\\\/\"]}]},{\"@type\":\"ImageObject\",\"inLanguage\":\"en-US\",\"@id\":\"https:\\\/\\\/sadfwi.com\\\/en\\\/produit\\\/membrane-gris-beton\\\/#primaryimage\",\"url\":\"https:\\\/\\\/sadfwi.com\\\/wp-content\\\/uploads\\\/grigiocemento-1024x433-1.jpg\",\"contentUrl\":\"https:\\\/\\\/sadfwi.com\\\/wp-content\\\/uploads\\\/grigiocemento-1024x433-1.jpg\",\"width\":1024,\"height\":433},{\"@type\":\"BreadcrumbList\",\"@id\":\"https:\\\/\\\/sadfwi.com\\\/en\\\/produit\\\/membrane-gris-beton\\\/#breadcrumb\",\"itemListElement\":[{\"@type\":\"ListItem\",\"position\":1,\"name\":\"Accueil\",\"item\":\"https:\\\/\\\/sadfwi.com\\\/en\\\/\"},{\"@type\":\"ListItem\",\"position\":2,\"name\":\"Boutique\",\"item\":\"https:\\\/\\\/sadfwi.com\\\/boutique\\\/\"},{\"@type\":\"ListItem\",\"position\":3,\"name\":\"Membrane gris b\u00e9ton\"}]},{\"@type\":\"WebSite\",\"@id\":\"https:\\\/\\\/sadfwi.com\\\/en\\\/#website\",\"url\":\"https:\\\/\\\/sadfwi.com\\\/en\\\/\",\"name\":\"SAD Groupe - Guadeloupe & Saint-Martin\",\"description\":\"\",\"publisher\":{\"@id\":\"https:\\\/\\\/sadfwi.com\\\/en\\\/#organization\"},\"potentialAction\":[{\"@type\":\"SearchAction\",\"target\":{\"@type\":\"EntryPoint\",\"urlTemplate\":\"https:\\\/\\\/sadfwi.com\\\/en\\\/?s={search_term_string}\"},\"query-input\":{\"@type\":\"PropertyValueSpecification\",\"valueRequired\":true,\"valueName\":\"search_term_string\"}}],\"inLanguage\":\"en-US\"},{\"@type\":\"Organization\",\"@id\":\"https:\\\/\\\/sadfwi.com\\\/en\\\/#organization\",\"name\":\"SAD Groupe - Guadeloupe & Saint-Martin\",\"url\":\"https:\\\/\\\/sadfwi.com\\\/en\\\/\",\"logo\":{\"@type\":\"ImageObject\",\"inLanguage\":\"en-US\",\"@id\":\"https:\\\/\\\/sadfwi.com\\\/en\\\/#\\\/schema\\\/logo\\\/image\\\/\",\"url\":\"https:\\\/\\\/sadfwi.com\\\/wp-content\\\/uploads\\\/cropped-LOGO-GROUPE.png\",\"contentUrl\":\"https:\\\/\\\/sadfwi.com\\\/wp-content\\\/uploads\\\/cropped-LOGO-GROUPE.png\",\"width\":400,\"height\":250,\"caption\":\"SAD Groupe - Guadeloupe & Saint-Martin\"},\"image\":{\"@id\":\"https:\\\/\\\/sadfwi.com\\\/en\\\/#\\\/schema\\\/logo\\\/image\\\/\"},\"sameAs\":[\"https:\\\/\\\/www.facebook.com\\\/sadgroupe\"]}]}<\/script>\n<!-- \/ Yoast SEO plugin. -->","yoast_head_json":{"title":"Membrane gris b\u00e9ton | SAD Groupe - Guadeloupe &amp; Saint-Martin","robots":{"index":"index","follow":"follow","max-snippet":"max-snippet:-1","max-image-preview":"max-image-preview:large","max-video-preview":"max-video-preview:-1"},"canonical":"https:\/\/sadfwi.com\/en\/produit\/membrane-gris-beton\/","og_locale":"en_US","og_type":"article","og_title":"Membrane gris b\u00e9ton | SAD Groupe - Guadeloupe &amp; Saint-Martin","og_description":"La caract\u00e9ristique principale de Sopraliner gris b\u00e9ton est de donner \u00e0 l\u2019eau de la piscine cet effet miroir, d\u00e9sormais la marque de fabrique des couleurs fonc\u00e9es. Sopraliner gris b\u00e9ton, une couleur pas encore tr\u00e8s utilis\u00e9e, est parfait pour les piscines plong\u00e9es dans des environnements naturels tr\u00e8s marqu\u00e9s pr\u00eats \u00e0 s\u2019intensifier dans la piscine enrichie avec &hellip; Continue reading \"Membrane gris b\u00e9ton\"","og_url":"https:\/\/sadfwi.com\/en\/produit\/membrane-gris-beton\/","og_site_name":"SAD Groupe - Guadeloupe &amp; Saint-Martin","article_publisher":"https:\/\/www.facebook.com\/sadgroupe","article_modified_time":"2023-11-13T17:36:15+00:00","og_image":[{"width":1024,"height":433,"url":"https:\/\/sadfwi.com\/wp-content\/uploads\/grigiocemento-1024x433-1.jpg","type":"image\/jpeg"}],"twitter_card":"summary_large_image","twitter_misc":{"Est. reading time":"1 minute"},"schema":{"@context":"https:\/\/schema.org","@graph":[{"@type":"WebPage","@id":"https:\/\/sadfwi.com\/en\/produit\/membrane-gris-beton\/","url":"https:\/\/sadfwi.com\/en\/produit\/membrane-gris-beton\/","name":"Membrane gris b\u00e9ton | SAD Groupe - Guadeloupe &amp; Saint-Martin","isPartOf":{"@id":"https:\/\/sadfwi.com\/en\/#website"},"primaryImageOfPage":{"@id":"https:\/\/sadfwi.com\/en\/produit\/membrane-gris-beton\/#primaryimage"},"image":{"@id":"https:\/\/sadfwi.com\/en\/produit\/membrane-gris-beton\/#primaryimage"},"thumbnailUrl":"https:\/\/sadfwi.com\/wp-content\/uploads\/grigiocemento-1024x433-1.jpg","datePublished":"2023-02-03T19:30:00+00:00","dateModified":"2023-11-13T17:36:15+00:00","breadcrumb":{"@id":"https:\/\/sadfwi.com\/en\/produit\/membrane-gris-beton\/#breadcrumb"},"inLanguage":"en-US","potentialAction":[{"@type":"ReadAction","target":["https:\/\/sadfwi.com\/en\/produit\/membrane-gris-beton\/"]}]},{"@type":"ImageObject","inLanguage":"en-US","@id":"https:\/\/sadfwi.com\/en\/produit\/membrane-gris-beton\/#primaryimage","url":"https:\/\/sadfwi.com\/wp-content\/uploads\/grigiocemento-1024x433-1.jpg","contentUrl":"https:\/\/sadfwi.com\/wp-content\/uploads\/grigiocemento-1024x433-1.jpg","width":1024,"height":433},{"@type":"BreadcrumbList","@id":"https:\/\/sadfwi.com\/en\/produit\/membrane-gris-beton\/#breadcrumb","itemListElement":[{"@type":"ListItem","position":1,"name":"Accueil","item":"https:\/\/sadfwi.com\/en\/"},{"@type":"ListItem","position":2,"name":"Boutique","item":"https:\/\/sadfwi.com\/boutique\/"},{"@type":"ListItem","position":3,"name":"Membrane gris b\u00e9ton"}]},{"@type":"WebSite","@id":"https:\/\/sadfwi.com\/en\/#website","url":"https:\/\/sadfwi.com\/en\/","name":"SAD Groupe - Guadeloupe & Saint-Martin","description":"","publisher":{"@id":"https:\/\/sadfwi.com\/en\/#organization"},"potentialAction":[{"@type":"SearchAction","target":{"@type":"EntryPoint","urlTemplate":"https:\/\/sadfwi.com\/en\/?s={search_term_string}"},"query-input":{"@type":"PropertyValueSpecification","valueRequired":true,"valueName":"search_term_string"}}],"inLanguage":"en-US"},{"@type":"Organization","@id":"https:\/\/sadfwi.com\/en\/#organization","name":"SAD Groupe - Guadeloupe & Saint-Martin","url":"https:\/\/sadfwi.com\/en\/","logo":{"@type":"ImageObject","inLanguage":"en-US","@id":"https:\/\/sadfwi.com\/en\/#\/schema\/logo\/image\/","url":"https:\/\/sadfwi.com\/wp-content\/uploads\/cropped-LOGO-GROUPE.png","contentUrl":"https:\/\/sadfwi.com\/wp-content\/uploads\/cropped-LOGO-GROUPE.png","width":400,"height":250,"caption":"SAD Groupe - Guadeloupe & Saint-Martin"},"image":{"@id":"https:\/\/sadfwi.com\/en\/#\/schema\/logo\/image\/"},"sameAs":["https:\/\/www.facebook.com\/sadgroupe"]}]}},"_links":{"self":[{"href":"https:\/\/sadfwi.com\/en\/wp-json\/wp\/v2\/product\/24887","targetHints":{"allow":["GET"]}}],"collection":[{"href":"https:\/\/sadfwi.com\/en\/wp-json\/wp\/v2\/product"}],"about":[{"href":"https:\/\/sadfwi.com\/en\/wp-json\/wp\/v2\/types\/product"}],"replies":[{"embeddable":true,"href":"https:\/\/sadfwi.com\/en\/wp-json\/wp\/v2\/comments?post=24887"}],"wp:featuredmedia":[{"embeddable":true,"href":"https:\/\/sadfwi.com\/en\/wp-json\/wp\/v2\/media\/24910"}],"wp:attachment":[{"href":"https:\/\/sadfwi.com\/en\/wp-json\/wp\/v2\/media?parent=24887"}],"wp:term":[{"taxonomy":"product_brand","embeddable":true,"href":"https:\/\/sadfwi.com\/en\/wp-json\/wp\/v2\/product_brand?post=24887"},{"taxonomy":"product_cat","embeddable":true,"href":"https:\/\/sadfwi.com\/en\/wp-json\/wp\/v2\/product_cat?post=24887"},{"taxonomy":"product_tag","embeddable":true,"href":"https:\/\/sadfwi.com\/en\/wp-json\/wp\/v2\/product_tag?post=24887"}],"curies":[{"name":"wp","href":"https:\/\/api.w.org\/{rel}","templated":true}]}}