{"id":24890,"date":"2023-02-03T15:30:00","date_gmt":"2023-02-03T19:30:00","guid":{"rendered":"http:\/\/projets.local\/sadfwi\/test\/?post_type=product&#038;p=24890"},"modified":"2023-11-13T13:36:14","modified_gmt":"2023-11-13T17:36:14","slug":"rouleau-vibrants-duplex-dvh-655","status":"publish","type":"product","link":"https:\/\/sadfwi.com\/en\/produit\/rouleau-vibrants-duplex-dvh-655\/","title":{"rendered":"Rouleau vibrants duplex DVH 655"},"content":{"rendered":"<p>Le concept des DVH a montr\u00e9 l\u2019exemple \u00e0 suivre sur le march\u00e9 depuis longtemps. Apr\u00e8s avoir \u00e9t\u00e9 le pionnier du rouleau enti\u00e8rement hydrostatique, nous avons \u00e9galement impos\u00e9 de nouvelles techniques de construction comme le moteur mont\u00e9 \u00e0 l\u2019avant et la vibration centrale.<\/p>\n<p>Fort de cette notori\u00e9t\u00e9 nous vous pr\u00e9sentons la nouvelle g\u00e9n\u00e9ration avec le DVH 655 E. Le confort d\u2019utilisation et les \u00e9l\u00e9ments de s\u00e9curit\u00e9 ont encore \u00e9t\u00e9 am\u00e9lior\u00e9s. Le tout \u00e9quip\u00e9 de nouveaux moteurs \u00e0 la pointe des derni\u00e8res techniques en la mati\u00e8re. Nous vous proposons \u00e9galement plus de fiabilit\u00e9 avec la vibration par entra\u00eenement hydraulique, qui met fin aux probl\u00e8mes de courroies \u00e0 ce niveau. Nous avons \u00e9galement \u00e9quip\u00e9 le DVH 655 E de nombreux autres accessoires qui vous faciliteront la vie lors de son utilisation, tels que :<\/p>\n<ul>\n<li>Une tenue en main confortable gr\u00e2ce \u00e0 l\u2019amortissement multible des vibrations au niveau du ch\u00e2ssis et du timon.<\/li>\n<li>Moteur diesel facile d\u2019acc\u00e8s pour l\u2019entretien du fait de son positionnement \u00e0 l\u2019avant.<\/li>\n<li>Reservoir d&#8217;eau \u00e0 l\u2019arri\u00e8re utilis\u00e9 comme protection antibruit pour l\u2019utilisateur.<\/li>\n<li>D\u00e9marreur \u00e9lectrique.<\/li>\n<li>Timon relevable pour gagner de la place lors du transport ou du stockage.<\/li>\n<li>Un c\u00f4t\u00e9 lisse pour travailler le long des murs ou d\u2019autres obstacles.<\/li>\n<li>Une grande garde au sol.<\/li>\n<li>Anneau de levage central pour faciliter la manutention.<\/li>\n<li>Quatre anneaux d\u2019arrimage pour s\u00e9curiser le transport en camion.<\/li>\n<li>Vitesse rapide pour am\u00e9liorer les d\u00e9placement sur les chantiers.<\/li>\n<li>Rampe d\u2019eau en tube plastique \u00e0 haute r\u00e9sistance anti-choc et anticorrosion, avec acc\u00e8s facile pour le nettoyage.<\/li>\n<\/ul>\n","protected":false},"excerpt":{"rendered":"<p>Le concept des DVH a montr\u00e9 l\u2019exemple \u00e0 suivre sur le march\u00e9 depuis longtemps. Apr\u00e8s avoir \u00e9t\u00e9 le pionnier du rouleau enti\u00e8rement hydrostatique, nous avons \u00e9galement impos\u00e9 de nouvelles techniques de construction comme le moteur mont\u00e9 \u00e0 l\u2019avant et la vibration centrale. Fort de cette notori\u00e9t\u00e9 nous vous pr\u00e9sentons la nouvelle g\u00e9n\u00e9ration avec le DVH &hellip; <\/p>\n<p class=\"link-more\"><a href=\"https:\/\/sadfwi.com\/en\/produit\/rouleau-vibrants-duplex-dvh-655\/\" class=\"more-link\">Continue reading<span class=\"screen-reader-text\"> &#8220;Rouleau vibrants duplex DVH 655&#8221;<\/span><\/a><\/p>\n","protected":false},"featured_media":24913,"comment_status":"closed","ping_status":"closed","template":"","meta":[],"product_brand":[],"product_cat":[348,371,372],"product_tag":[],"class_list":{"0":"post-24890","1":"product","2":"type-product","3":"status-publish","4":"has-post-thumbnail","6":"product_cat-batiments-jardin","7":"product_cat-chantier","8":"product_cat-materiaux-de-construction","10":"first","11":"instock","12":"downloadable","13":"shipping-taxable","14":"product-type-simple"},"yoast_head":"<!-- This site is optimized with the Yoast SEO plugin v27.5 - https:\/\/yoast.com\/product\/yoast-seo-wordpress\/ -->\n<title>Rouleau vibrants duplex DVH 655 | SAD Groupe - Guadeloupe &amp; Saint-Martin<\/title>\n<meta name=\"robots\" content=\"index, follow, max-snippet:-1, max-image-preview:large, max-video-preview:-1\" \/>\n<link rel=\"canonical\" href=\"https:\/\/sadfwi.com\/en\/produit\/rouleau-vibrants-duplex-dvh-655\/\" \/>\n<meta property=\"og:locale\" content=\"en_US\" \/>\n<meta property=\"og:type\" content=\"article\" \/>\n<meta property=\"og:title\" content=\"Rouleau vibrants duplex DVH 655 | SAD Groupe - Guadeloupe &amp; Saint-Martin\" \/>\n<meta property=\"og:description\" content=\"Le concept des DVH a montr\u00e9 l\u2019exemple \u00e0 suivre sur le march\u00e9 depuis longtemps. Apr\u00e8s avoir \u00e9t\u00e9 le pionnier du rouleau enti\u00e8rement hydrostatique, nous avons \u00e9galement impos\u00e9 de nouvelles techniques de construction comme le moteur mont\u00e9 \u00e0 l\u2019avant et la vibration centrale. Fort de cette notori\u00e9t\u00e9 nous vous pr\u00e9sentons la nouvelle g\u00e9n\u00e9ration avec le DVH &hellip; Continue reading &quot;Rouleau vibrants duplex DVH 655&quot;\" \/>\n<meta property=\"og:url\" content=\"https:\/\/sadfwi.com\/en\/produit\/rouleau-vibrants-duplex-dvh-655\/\" \/>\n<meta property=\"og:site_name\" content=\"SAD Groupe - Guadeloupe &amp; Saint-Martin\" \/>\n<meta property=\"article:publisher\" content=\"https:\/\/www.facebook.com\/sadgroupe\" \/>\n<meta property=\"article:modified_time\" content=\"2023-11-13T17:36:14+00:00\" \/>\n<meta property=\"og:image\" content=\"https:\/\/sadfwi.com\/wp-content\/uploads\/DVH-655_800.jpg\" \/>\n\t<meta property=\"og:image:width\" content=\"900\" \/>\n\t<meta property=\"og:image:height\" content=\"900\" \/>\n\t<meta property=\"og:image:type\" content=\"image\/jpeg\" \/>\n<meta name=\"twitter:card\" content=\"summary_large_image\" \/>\n<meta name=\"twitter:label1\" content=\"Est. reading time\" \/>\n\t<meta name=\"twitter:data1\" content=\"2 minutes\" \/>\n<script type=\"application\/ld+json\" class=\"yoast-schema-graph\">{\"@context\":\"https:\\\/\\\/schema.org\",\"@graph\":[{\"@type\":\"WebPage\",\"@id\":\"https:\\\/\\\/sadfwi.com\\\/en\\\/produit\\\/rouleau-vibrants-duplex-dvh-655\\\/\",\"url\":\"https:\\\/\\\/sadfwi.com\\\/en\\\/produit\\\/rouleau-vibrants-duplex-dvh-655\\\/\",\"name\":\"Rouleau vibrants duplex DVH 655 | SAD Groupe - Guadeloupe &amp; Saint-Martin\",\"isPartOf\":{\"@id\":\"https:\\\/\\\/sadfwi.com\\\/en\\\/#website\"},\"primaryImageOfPage\":{\"@id\":\"https:\\\/\\\/sadfwi.com\\\/en\\\/produit\\\/rouleau-vibrants-duplex-dvh-655\\\/#primaryimage\"},\"image\":{\"@id\":\"https:\\\/\\\/sadfwi.com\\\/en\\\/produit\\\/rouleau-vibrants-duplex-dvh-655\\\/#primaryimage\"},\"thumbnailUrl\":\"https:\\\/\\\/sadfwi.com\\\/wp-content\\\/uploads\\\/DVH-655_800.jpg\",\"datePublished\":\"2023-02-03T19:30:00+00:00\",\"dateModified\":\"2023-11-13T17:36:14+00:00\",\"breadcrumb\":{\"@id\":\"https:\\\/\\\/sadfwi.com\\\/en\\\/produit\\\/rouleau-vibrants-duplex-dvh-655\\\/#breadcrumb\"},\"inLanguage\":\"en-US\",\"potentialAction\":[{\"@type\":\"ReadAction\",\"target\":[\"https:\\\/\\\/sadfwi.com\\\/en\\\/produit\\\/rouleau-vibrants-duplex-dvh-655\\\/\"]}]},{\"@type\":\"ImageObject\",\"inLanguage\":\"en-US\",\"@id\":\"https:\\\/\\\/sadfwi.com\\\/en\\\/produit\\\/rouleau-vibrants-duplex-dvh-655\\\/#primaryimage\",\"url\":\"https:\\\/\\\/sadfwi.com\\\/wp-content\\\/uploads\\\/DVH-655_800.jpg\",\"contentUrl\":\"https:\\\/\\\/sadfwi.com\\\/wp-content\\\/uploads\\\/DVH-655_800.jpg\",\"width\":900,\"height\":900},{\"@type\":\"BreadcrumbList\",\"@id\":\"https:\\\/\\\/sadfwi.com\\\/en\\\/produit\\\/rouleau-vibrants-duplex-dvh-655\\\/#breadcrumb\",\"itemListElement\":[{\"@type\":\"ListItem\",\"position\":1,\"name\":\"Accueil\",\"item\":\"https:\\\/\\\/sadfwi.com\\\/en\\\/\"},{\"@type\":\"ListItem\",\"position\":2,\"name\":\"Boutique\",\"item\":\"https:\\\/\\\/sadfwi.com\\\/boutique\\\/\"},{\"@type\":\"ListItem\",\"position\":3,\"name\":\"Rouleau vibrants duplex DVH 655\"}]},{\"@type\":\"WebSite\",\"@id\":\"https:\\\/\\\/sadfwi.com\\\/en\\\/#website\",\"url\":\"https:\\\/\\\/sadfwi.com\\\/en\\\/\",\"name\":\"SAD Groupe - Guadeloupe & Saint-Martin\",\"description\":\"\",\"publisher\":{\"@id\":\"https:\\\/\\\/sadfwi.com\\\/en\\\/#organization\"},\"potentialAction\":[{\"@type\":\"SearchAction\",\"target\":{\"@type\":\"EntryPoint\",\"urlTemplate\":\"https:\\\/\\\/sadfwi.com\\\/en\\\/?s={search_term_string}\"},\"query-input\":{\"@type\":\"PropertyValueSpecification\",\"valueRequired\":true,\"valueName\":\"search_term_string\"}}],\"inLanguage\":\"en-US\"},{\"@type\":\"Organization\",\"@id\":\"https:\\\/\\\/sadfwi.com\\\/en\\\/#organization\",\"name\":\"SAD Groupe - Guadeloupe & Saint-Martin\",\"url\":\"https:\\\/\\\/sadfwi.com\\\/en\\\/\",\"logo\":{\"@type\":\"ImageObject\",\"inLanguage\":\"en-US\",\"@id\":\"https:\\\/\\\/sadfwi.com\\\/en\\\/#\\\/schema\\\/logo\\\/image\\\/\",\"url\":\"https:\\\/\\\/sadfwi.com\\\/wp-content\\\/uploads\\\/cropped-LOGO-GROUPE.png\",\"contentUrl\":\"https:\\\/\\\/sadfwi.com\\\/wp-content\\\/uploads\\\/cropped-LOGO-GROUPE.png\",\"width\":400,\"height\":250,\"caption\":\"SAD Groupe - Guadeloupe & Saint-Martin\"},\"image\":{\"@id\":\"https:\\\/\\\/sadfwi.com\\\/en\\\/#\\\/schema\\\/logo\\\/image\\\/\"},\"sameAs\":[\"https:\\\/\\\/www.facebook.com\\\/sadgroupe\"]}]}<\/script>\n<!-- \/ Yoast SEO plugin. -->","yoast_head_json":{"title":"Rouleau vibrants duplex DVH 655 | SAD Groupe - Guadeloupe &amp; Saint-Martin","robots":{"index":"index","follow":"follow","max-snippet":"max-snippet:-1","max-image-preview":"max-image-preview:large","max-video-preview":"max-video-preview:-1"},"canonical":"https:\/\/sadfwi.com\/en\/produit\/rouleau-vibrants-duplex-dvh-655\/","og_locale":"en_US","og_type":"article","og_title":"Rouleau vibrants duplex DVH 655 | SAD Groupe - Guadeloupe &amp; Saint-Martin","og_description":"Le concept des DVH a montr\u00e9 l\u2019exemple \u00e0 suivre sur le march\u00e9 depuis longtemps. Apr\u00e8s avoir \u00e9t\u00e9 le pionnier du rouleau enti\u00e8rement hydrostatique, nous avons \u00e9galement impos\u00e9 de nouvelles techniques de construction comme le moteur mont\u00e9 \u00e0 l\u2019avant et la vibration centrale. Fort de cette notori\u00e9t\u00e9 nous vous pr\u00e9sentons la nouvelle g\u00e9n\u00e9ration avec le DVH &hellip; Continue reading \"Rouleau vibrants duplex DVH 655\"","og_url":"https:\/\/sadfwi.com\/en\/produit\/rouleau-vibrants-duplex-dvh-655\/","og_site_name":"SAD Groupe - Guadeloupe &amp; Saint-Martin","article_publisher":"https:\/\/www.facebook.com\/sadgroupe","article_modified_time":"2023-11-13T17:36:14+00:00","og_image":[{"width":900,"height":900,"url":"https:\/\/sadfwi.com\/wp-content\/uploads\/DVH-655_800.jpg","type":"image\/jpeg"}],"twitter_card":"summary_large_image","twitter_misc":{"Est. reading time":"2 minutes"},"schema":{"@context":"https:\/\/schema.org","@graph":[{"@type":"WebPage","@id":"https:\/\/sadfwi.com\/en\/produit\/rouleau-vibrants-duplex-dvh-655\/","url":"https:\/\/sadfwi.com\/en\/produit\/rouleau-vibrants-duplex-dvh-655\/","name":"Rouleau vibrants duplex DVH 655 | SAD Groupe - Guadeloupe &amp; Saint-Martin","isPartOf":{"@id":"https:\/\/sadfwi.com\/en\/#website"},"primaryImageOfPage":{"@id":"https:\/\/sadfwi.com\/en\/produit\/rouleau-vibrants-duplex-dvh-655\/#primaryimage"},"image":{"@id":"https:\/\/sadfwi.com\/en\/produit\/rouleau-vibrants-duplex-dvh-655\/#primaryimage"},"thumbnailUrl":"https:\/\/sadfwi.com\/wp-content\/uploads\/DVH-655_800.jpg","datePublished":"2023-02-03T19:30:00+00:00","dateModified":"2023-11-13T17:36:14+00:00","breadcrumb":{"@id":"https:\/\/sadfwi.com\/en\/produit\/rouleau-vibrants-duplex-dvh-655\/#breadcrumb"},"inLanguage":"en-US","potentialAction":[{"@type":"ReadAction","target":["https:\/\/sadfwi.com\/en\/produit\/rouleau-vibrants-duplex-dvh-655\/"]}]},{"@type":"ImageObject","inLanguage":"en-US","@id":"https:\/\/sadfwi.com\/en\/produit\/rouleau-vibrants-duplex-dvh-655\/#primaryimage","url":"https:\/\/sadfwi.com\/wp-content\/uploads\/DVH-655_800.jpg","contentUrl":"https:\/\/sadfwi.com\/wp-content\/uploads\/DVH-655_800.jpg","width":900,"height":900},{"@type":"BreadcrumbList","@id":"https:\/\/sadfwi.com\/en\/produit\/rouleau-vibrants-duplex-dvh-655\/#breadcrumb","itemListElement":[{"@type":"ListItem","position":1,"name":"Accueil","item":"https:\/\/sadfwi.com\/en\/"},{"@type":"ListItem","position":2,"name":"Boutique","item":"https:\/\/sadfwi.com\/boutique\/"},{"@type":"ListItem","position":3,"name":"Rouleau vibrants duplex DVH 655"}]},{"@type":"WebSite","@id":"https:\/\/sadfwi.com\/en\/#website","url":"https:\/\/sadfwi.com\/en\/","name":"SAD Groupe - Guadeloupe & Saint-Martin","description":"","publisher":{"@id":"https:\/\/sadfwi.com\/en\/#organization"},"potentialAction":[{"@type":"SearchAction","target":{"@type":"EntryPoint","urlTemplate":"https:\/\/sadfwi.com\/en\/?s={search_term_string}"},"query-input":{"@type":"PropertyValueSpecification","valueRequired":true,"valueName":"search_term_string"}}],"inLanguage":"en-US"},{"@type":"Organization","@id":"https:\/\/sadfwi.com\/en\/#organization","name":"SAD Groupe - Guadeloupe & Saint-Martin","url":"https:\/\/sadfwi.com\/en\/","logo":{"@type":"ImageObject","inLanguage":"en-US","@id":"https:\/\/sadfwi.com\/en\/#\/schema\/logo\/image\/","url":"https:\/\/sadfwi.com\/wp-content\/uploads\/cropped-LOGO-GROUPE.png","contentUrl":"https:\/\/sadfwi.com\/wp-content\/uploads\/cropped-LOGO-GROUPE.png","width":400,"height":250,"caption":"SAD Groupe - Guadeloupe & Saint-Martin"},"image":{"@id":"https:\/\/sadfwi.com\/en\/#\/schema\/logo\/image\/"},"sameAs":["https:\/\/www.facebook.com\/sadgroupe"]}]}},"_links":{"self":[{"href":"https:\/\/sadfwi.com\/en\/wp-json\/wp\/v2\/product\/24890","targetHints":{"allow":["GET"]}}],"collection":[{"href":"https:\/\/sadfwi.com\/en\/wp-json\/wp\/v2\/product"}],"about":[{"href":"https:\/\/sadfwi.com\/en\/wp-json\/wp\/v2\/types\/product"}],"replies":[{"embeddable":true,"href":"https:\/\/sadfwi.com\/en\/wp-json\/wp\/v2\/comments?post=24890"}],"wp:featuredmedia":[{"embeddable":true,"href":"https:\/\/sadfwi.com\/en\/wp-json\/wp\/v2\/media\/24913"}],"wp:attachment":[{"href":"https:\/\/sadfwi.com\/en\/wp-json\/wp\/v2\/media?parent=24890"}],"wp:term":[{"taxonomy":"product_brand","embeddable":true,"href":"https:\/\/sadfwi.com\/en\/wp-json\/wp\/v2\/product_brand?post=24890"},{"taxonomy":"product_cat","embeddable":true,"href":"https:\/\/sadfwi.com\/en\/wp-json\/wp\/v2\/product_cat?post=24890"},{"taxonomy":"product_tag","embeddable":true,"href":"https:\/\/sadfwi.com\/en\/wp-json\/wp\/v2\/product_tag?post=24890"}],"curies":[{"name":"wp","href":"https:\/\/api.w.org\/{rel}","templated":true}]}}